{"id":1651,"date":"2026-01-12T22:54:46","date_gmt":"2026-01-12T22:54:46","guid":{"rendered":"https:\/\/lilledtallinn.ee\/?page_id=1651"},"modified":"2026-01-12T23:15:21","modified_gmt":"2026-01-12T23:15:21","slug":"meist","status":"publish","type":"page","link":"https:\/\/lilledtallinn.ee\/ru\/meist\/","title":{"rendered":"\u041e \u043d\u0430\u0441"},"content":{"rendered":"<div data-elementor-type=\"wp-page\" data-elementor-id=\"1651\" class=\"elementor elementor-1651\">\n\t\t\t\t\t\t<section class=\"elementor-section elementor-top-section elementor-element elementor-element-44f5bf40 elementor-section-full_width elementor-section-stretched elementor-section-height-default elementor-section-height-default\" data-id=\"44f5bf40\" data-element_type=\"section\" data-settings=\"{&quot;background_background&quot;:&quot;slideshow&quot;,&quot;background_slideshow_gallery&quot;:[{&quot;id&quot;:13,&quot;url&quot;:&quot;https:\\\/\\\/lilledtallinn.ee\\\/wp-content\\\/uploads\\\/2025\\\/12\\\/pexels-photo-697259.jpeg&quot;},{&quot;id&quot;:21,&quot;url&quot;:&quot;https:\\\/\\\/lilledtallinn.ee\\\/wp-content\\\/uploads\\\/2025\\\/12\\\/pexels-photo-6412934.jpeg&quot;},{&quot;id&quot;:16,&quot;url&quot;:&quot;https:\\\/\\\/lilledtallinn.ee\\\/wp-content\\\/uploads\\\/2025\\\/12\\\/pexels-photo-3795056.jpeg&quot;},{&quot;id&quot;:19,&quot;url&quot;:&quot;https:\\\/\\\/lilledtallinn.ee\\\/wp-content\\\/uploads\\\/2025\\\/12\\\/pexels-photo-8160140.jpeg&quot;}],&quot;stretch_section&quot;:&quot;section-stretched&quot;,&quot;background_slideshow_lazyload&quot;:&quot;yes&quot;,&quot;background_slideshow_ken_burns&quot;:&quot;yes&quot;,&quot;background_slideshow_loop&quot;:&quot;yes&quot;,&quot;background_slideshow_slide_duration&quot;:5000,&quot;background_slideshow_slide_transition&quot;:&quot;fade&quot;,&quot;background_slideshow_transition_duration&quot;:500,&quot;background_slideshow_ken_burns_zoom_direction&quot;:&quot;in&quot;}\">\n\t\t\t\t\t\t\t<div class=\"elementor-background-overlay\"><\/div>\n\t\t\t\t\t\t\t<div class=\"elementor-container elementor-column-gap-default\">\n\t\t\t\t\t<div class=\"elementor-column elementor-col-100 elementor-top-column elementor-element elementor-element-f8cf615\" data-id=\"f8cf615\" data-element_type=\"column\">\n\t\t\t<div class=\"elementor-widget-wrap elementor-element-populated\">\n\t\t\t\t\t\t<div class=\"elementor-element elementor-element-5edeedd2 elementor-widget elementor-widget-heading\" data-id=\"5edeedd2\" data-element_type=\"widget\" data-widget_type=\"heading.default\">\n\t\t\t\t\t<h1 class=\"elementor-heading-title elementor-size-default\">\u041e \u043d\u0430\u0441<\/h1>\t\t\t\t<\/div>\n\t\t\t\t\t<\/div>\n\t\t<\/div>\n\t\t\t\t\t<\/div>\n\t\t<\/section>\n\t\t<div class=\"elementor-element elementor-element-d0ad80a e-flex e-con-boxed e-con e-parent\" data-id=\"d0ad80a\" data-element_type=\"container\">\n\t\t\t\t\t<div class=\"e-con-inner\">\n\t\t\t\t<div class=\"elementor-element elementor-element-74e6129 elementor-widget elementor-widget-spacer\" data-id=\"74e6129\" data-element_type=\"widget\" data-widget_type=\"spacer.default\">\n\t\t\t\t\t\t\t<div class=\"elementor-spacer\">\n\t\t\t<div class=\"elementor-spacer-inner\"><\/div>\n\t\t<\/div>\n\t\t\t\t\t\t<\/div>\n\t\t\t\t\t<\/div>\n\t\t\t\t<\/div>\n\t\t\t\t<section class=\"elementor-section elementor-top-section elementor-element elementor-element-soawion elementor-section-boxed elementor-section-height-default elementor-section-height-default\" data-id=\"soawion\" data-element_type=\"section\" data-settings=\"{&quot;background_background&quot;:&quot;classic&quot;}\">\n\t\t\t\t\t\t<div class=\"elementor-container elementor-column-gap-default\">\n\t\t\t\t\t<div class=\"elementor-column elementor-col-100 elementor-top-column elementor-element elementor-element-f088365\" data-id=\"f088365\" data-element_type=\"column\">\n\t\t\t<div class=\"elementor-widget-wrap elementor-element-populated\">\n\t\t\t\t\t\t<div class=\"elementor-element elementor-element-6ae79fb elementor-widget elementor-widget-heading\" data-id=\"6ae79fb\" data-element_type=\"widget\" data-widget_type=\"heading.default\">\n\t\t\t\t\t<h4 class=\"elementor-heading-title elementor-size-default\">\u041e \u043d\u0430\u0441<\/h4>\t\t\t\t<\/div>\n\t\t\t\t<div class=\"elementor-element elementor-element-e7d1eaf elementor-widget elementor-widget-heading\" data-id=\"e7d1eaf\" data-element_type=\"widget\" data-widget_type=\"heading.default\">\n\t\t\t\t\t<h2 class=\"elementor-heading-title elementor-size-default\">lilled tallinn<\/h2>\t\t\t\t<\/div>\n\t\t\t\t<div class=\"elementor-element elementor-element-01dd3f1 elementor-widget elementor-widget-text-editor\" data-id=\"01dd3f1\" data-element_type=\"widget\" data-widget_type=\"text-editor.default\">\n\t\t\t\t\t\t\t\t\t<p class=\"translation-block\">\u042f \u2014 \u0442\u0432\u043e\u0440\u0435\u0446 \u0432 \u0442\u0440\u0435\u0442\u044c\u0435\u043c \u043f\u043e\u043a\u043e\u043b\u0435\u043d\u0438\u0438 \ud83c\udf38<br>\n\u0421 \u0446\u0432\u0435\u0442\u0430\u043c\u0438 \u0441 \u0434\u0435\u0442\u0441\u0442\u0432\u0430 \u0438 \u0431\u043e\u043b\u044c\u0448\u0438\u043c \u043e\u043f\u044b\u0442\u043e\u043c \u0432 \u0444\u043b\u043e\u0440\u0438\u0441\u0442\u0438\u043a\u0435. <br>\n\u0421\u043e\u0437\u0434\u0430\u044e \u0431\u0443\u043a\u0435\u0442\u044b \u0438 \u043a\u043e\u043c\u043f\u043e\u0437\u0438\u0446\u0438\u0438 \u0441 \u0434\u0443\u0448\u043e\u0439, \u0432\u043d\u0438\u043c\u0430\u043d\u0438\u0435\u043c \u043a \u0434\u0435\u0442\u0430\u043b\u044f\u043c \u0438 \u0441\u0432\u0435\u0436\u0435\u0441\u0442\u0438. <br>\n\u041c\u043e\u044f \u0446\u0435\u043b\u044c \u2014 \u0447\u0442\u043e\u0431\u044b \u043a\u0440\u0430\u0441\u0438\u0432\u044b\u0435 \u0446\u0432\u0435\u0442\u044b \u0431\u044b\u043b\u0438 \u0434\u043e\u0441\u0442\u0443\u043f\u043d\u044b \u043a\u0430\u0436\u0434\u043e\u043c\u0443. <br>\n\u041f\u0440\u0435\u0434\u043b\u0430\u0433\u0430\u044e \u0447\u0435\u0441\u0442\u043d\u044b\u0435 \u0438 \u043e\u0434\u043d\u0438 \u0438\u0437 \u0441\u0430\u043c\u044b\u0445 \u0432\u044b\u0433\u043e\u0434\u043d\u044b\u0445 \u0446\u0435\u043d \u0432 \u0422\u0430\u043b\u043b\u0438\u043d\u043d\u0435, \u0431\u0435\u0437 \u043f\u043e\u0442\u0435\u0440\u0438 \u043a\u0430\u0447\u0435\u0441\u0442\u0432\u0430. <br>\n\u0420\u0430\u0431\u043e\u0442\u0430\u044e \u0432 \u0446\u0435\u043d\u0442\u0440\u0435 \u0433\u043e\u0440\u043e\u0434\u0430 \u0438 \u0432\u0441\u0435\u0433\u0434\u0430 \u0440\u0430\u0434\u0430 \u043f\u043e\u043c\u043e\u0447\u044c \u0441 \u0432\u044b\u0431\u043e\u0440\u043e\u043c \u0431\u0443\u043a\u0435\u0442\u0430.<\/p>\t\t\t\t\t\t\t\t<\/div>\n\t\t\t\t<div class=\"elementor-element elementor-element-f4454ec elementor-shape-circle e-grid-align-tablet-center elementor-grid-0 e-grid-align-center elementor-widget elementor-widget-social-icons\" data-id=\"f4454ec\" data-element_type=\"widget\" data-widget_type=\"social-icons.default\">\n\t\t\t\t\t\t\t<div class=\"elementor-social-icons-wrapper elementor-grid\" role=\"list\">\n\t\t\t\t\t\t\t<span class=\"elementor-grid-item\" role=\"listitem\">\n\t\t\t\t\t<a class=\"elementor-icon elementor-social-icon elementor-social-icon-facebook-f elementor-repeater-item-14bef83\" href=\"https:\/\/www.facebook.com\/LilledTallinn\" target=\"_blank\">\n\t\t\t\t\t\t<span class=\"elementor-screen-only\">Facebook-f<\/span>\n\t\t\t\t\t\t<svg aria-hidden=\"true\" class=\"e-font-icon-svg e-fab-facebook-f\" viewbox=\"0 0 320 512\" xmlns=\"http:\/\/www.w3.org\/2000\/svg\"><path d=\"M279.14 288l14.22-92.66h-88.91v-60.13c0-25.35 12.42-50.06 52.24-50.06h40.42V6.26S260.43 0 225.36 0c-73.22 0-121.08 44.38-121.08 124.72v70.62H22.89V288h81.39v224h100.17V288z\"><\/path><\/svg>\t\t\t\t\t<\/a>\n\t\t\t\t<\/span>\n\t\t\t\t\t\t\t<span class=\"elementor-grid-item\" role=\"listitem\">\n\t\t\t\t\t<a class=\"elementor-icon elementor-social-icon elementor-social-icon-instagram elementor-repeater-item-a63ff87\" href=\"https:\/\/www.instagram.com\/lilledtallinn\/\" target=\"_blank\">\n\t\t\t\t\t\t<span class=\"elementor-screen-only\">Instagram<\/span>\n\t\t\t\t\t\t<svg aria-hidden=\"true\" class=\"e-font-icon-svg e-fab-instagram\" viewbox=\"0 0 448 512\" xmlns=\"http:\/\/www.w3.org\/2000\/svg\"><path d=\"M224.1 141c-63.6 0-114.9 51.3-114.9 114.9s51.3 114.9 114.9 114.9S339 319.5 339 255.9 287.7 141 224.1 141zm0 189.6c-41.1 0-74.7-33.5-74.7-74.7s33.5-74.7 74.7-74.7 74.7 33.5 74.7 74.7-33.6 74.7-74.7 74.7zm146.4-194.3c0 14.9-12 26.8-26.8 26.8-14.9 0-26.8-12-26.8-26.8s12-26.8 26.8-26.8 26.8 12 26.8 26.8zm76.1 27.2c-1.7-35.9-9.9-67.7-36.2-93.9-26.2-26.2-58-34.4-93.9-36.2-37-2.1-147.9-2.1-184.9 0-35.8 1.7-67.6 9.9-93.9 36.1s-34.4 58-36.2 93.9c-2.1 37-2.1 147.9 0 184.9 1.7 35.9 9.9 67.7 36.2 93.9s58 34.4 93.9 36.2c37 2.1 147.9 2.1 184.9 0 35.9-1.7 67.7-9.9 93.9-36.2 26.2-26.2 34.4-58 36.2-93.9 2.1-37 2.1-147.8 0-184.8zM398.8 388c-7.8 19.6-22.9 34.7-42.6 42.6-29.5 11.7-99.5 9-132.1 9s-102.7 2.6-132.1-9c-19.6-7.8-34.7-22.9-42.6-42.6-11.7-29.5-9-99.5-9-132.1s-2.6-102.7 9-132.1c7.8-19.6 22.9-34.7 42.6-42.6 29.5-11.7 99.5-9 132.1-9s102.7-2.6 132.1 9c19.6 7.8 34.7 22.9 42.6 42.6 11.7 29.5 9 99.5 9 132.1s2.7 102.7-9 132.1z\"><\/path><\/svg>\t\t\t\t\t<\/a>\n\t\t\t\t<\/span>\n\t\t\t\t\t\t\t<span class=\"elementor-grid-item\" role=\"listitem\">\n\t\t\t\t\t<a class=\"elementor-icon elementor-social-icon elementor-social-icon-telegram elementor-repeater-item-e87679b\" href=\"https:\/\/t.me\/lilledtallinn\" target=\"_blank\">\n\t\t\t\t\t\t<span class=\"elementor-screen-only\">Telegram<\/span>\n\t\t\t\t\t\t<svg aria-hidden=\"true\" class=\"e-font-icon-svg e-fab-telegram\" viewbox=\"0 0 496 512\" xmlns=\"http:\/\/www.w3.org\/2000\/svg\"><path d=\"M248 8C111 8 0 119 0 256s111 248 248 248 248-111 248-248S385 8 248 8zm121.8 169.9l-40.7 191.8c-3 13.6-11.1 16.9-22.4 10.5l-62-45.7-29.9 28.8c-3.3 3.3-6.1 6.1-12.5 6.1l4.4-63.1 114.9-103.8c5-4.4-1.1-6.9-7.7-2.5l-142 89.4-61.2-19.1c-13.3-4.2-13.6-13.3 2.8-19.7l239.1-92.2c11.1-4 20.8 2.7 17.2 19.5z\"><\/path><\/svg>\t\t\t\t\t<\/a>\n\t\t\t\t<\/span>\n\t\t\t\t\t<\/div>\n\t\t\t\t\t\t<\/div>\n\t\t\t\t\t<\/div>\n\t\t<\/div>\n\t\t\t\t\t<\/div>\n\t\t<\/section>\n\t\t<div class=\"elementor-element elementor-element-d31612a e-con-full e-flex e-con e-parent\" data-id=\"d31612a\" data-element_type=\"container\" data-settings=\"{&quot;background_background&quot;:&quot;classic&quot;}\">\n\t\t<div class=\"elementor-element elementor-element-fafe483 e-con-full e-flex e-con e-child\" data-id=\"fafe483\" data-element_type=\"container\">\n\t\t\t\t<div class=\"elementor-element elementor-element-17b2881 elementor-widget elementor-widget-image\" data-id=\"17b2881\" data-element_type=\"widget\" data-widget_type=\"image.default\">\n\t\t\t\t\t\t\t\t\t\t\t\t\t\t\t<img fetchpriority=\"high\" decoding=\"async\" width=\"960\" height=\"960\" src=\"https:\/\/lilledtallinn.ee\/wp-content\/uploads\/2026\/01\/343842478_1403271840507847_8948456769244617798_n.jpg\" class=\"attachment-large size-large wp-image-1390\" alt=\"343842478 1403271840507847 8948456769244617798 n.jpg\" srcset=\"https:\/\/lilledtallinn.ee\/wp-content\/uploads\/2026\/01\/343842478_1403271840507847_8948456769244617798_n.jpg 960w, https:\/\/lilledtallinn.ee\/wp-content\/uploads\/2026\/01\/343842478_1403271840507847_8948456769244617798_n-300x300.jpg 300w, https:\/\/lilledtallinn.ee\/wp-content\/uploads\/2026\/01\/343842478_1403271840507847_8948456769244617798_n-150x150.jpg 150w, https:\/\/lilledtallinn.ee\/wp-content\/uploads\/2026\/01\/343842478_1403271840507847_8948456769244617798_n-768x768.jpg 768w, https:\/\/lilledtallinn.ee\/wp-content\/uploads\/2026\/01\/343842478_1403271840507847_8948456769244617798_n-600x600.jpg 600w, https:\/\/lilledtallinn.ee\/wp-content\/uploads\/2026\/01\/343842478_1403271840507847_8948456769244617798_n-100x100.jpg 100w\" sizes=\"(max-width: 960px) 100vw, 960px\" title=\"\u041e \u043d\u0430\u0441\">\t\t\t\t\t\t\t\t\t\t\t\t\t\t\t<\/div>\n\t\t\t\t<\/div>\n\t\t<div class=\"elementor-element elementor-element-ff3139a e-con-full e-flex e-con e-child\" data-id=\"ff3139a\" data-element_type=\"container\">\n\t\t\t\t<div class=\"elementor-element elementor-element-ec74b53 elementor-widget elementor-widget-image\" data-id=\"ec74b53\" data-element_type=\"widget\" data-widget_type=\"image.default\">\n\t\t\t\t\t\t\t\t\t\t\t\t\t\t\t<img decoding=\"async\" width=\"960\" height=\"960\" src=\"https:\/\/lilledtallinn.ee\/wp-content\/uploads\/2026\/01\/344356798_614104613974257_3964456059319076283_n.jpg\" class=\"attachment-large size-large wp-image-1388\" alt=\"344356798 614104613974257 3964456059319076283 n.jpg\" srcset=\"https:\/\/lilledtallinn.ee\/wp-content\/uploads\/2026\/01\/344356798_614104613974257_3964456059319076283_n.jpg 960w, https:\/\/lilledtallinn.ee\/wp-content\/uploads\/2026\/01\/344356798_614104613974257_3964456059319076283_n-300x300.jpg 300w, https:\/\/lilledtallinn.ee\/wp-content\/uploads\/2026\/01\/344356798_614104613974257_3964456059319076283_n-150x150.jpg 150w, https:\/\/lilledtallinn.ee\/wp-content\/uploads\/2026\/01\/344356798_614104613974257_3964456059319076283_n-768x768.jpg 768w, https:\/\/lilledtallinn.ee\/wp-content\/uploads\/2026\/01\/344356798_614104613974257_3964456059319076283_n-600x600.jpg 600w, https:\/\/lilledtallinn.ee\/wp-content\/uploads\/2026\/01\/344356798_614104613974257_3964456059319076283_n-100x100.jpg 100w\" sizes=\"(max-width: 960px) 100vw, 960px\" title=\"\u041e \u043d\u0430\u0441\">\t\t\t\t\t\t\t\t\t\t\t\t\t\t\t<\/div>\n\t\t\t\t<\/div>\n\t\t<div class=\"elementor-element elementor-element-44b2da8 e-con-full e-flex e-con e-child\" data-id=\"44b2da8\" data-element_type=\"container\">\n\t\t\t\t<div class=\"elementor-element elementor-element-d95de4a elementor-widget elementor-widget-image\" data-id=\"d95de4a\" data-element_type=\"widget\" data-widget_type=\"image.default\">\n\t\t\t\t\t\t\t\t\t\t\t\t\t\t\t<img decoding=\"async\" width=\"1024\" height=\"536\" src=\"https:\/\/lilledtallinn.ee\/wp-content\/uploads\/2026\/01\/81166139_542737366588070_7986434412649887106_n-1024x536.jpg\" class=\"attachment-large size-large wp-image-1309\" alt=\"81166139 542737366588070 7986434412649887106 n.jpg\" srcset=\"https:\/\/lilledtallinn.ee\/wp-content\/uploads\/2026\/01\/81166139_542737366588070_7986434412649887106_n-1024x536.jpg 1024w, https:\/\/lilledtallinn.ee\/wp-content\/uploads\/2026\/01\/81166139_542737366588070_7986434412649887106_n-300x157.jpg 300w, https:\/\/lilledtallinn.ee\/wp-content\/uploads\/2026\/01\/81166139_542737366588070_7986434412649887106_n-768x402.jpg 768w, https:\/\/lilledtallinn.ee\/wp-content\/uploads\/2026\/01\/81166139_542737366588070_7986434412649887106_n-600x314.jpg 600w, https:\/\/lilledtallinn.ee\/wp-content\/uploads\/2026\/01\/81166139_542737366588070_7986434412649887106_n.jpg 1440w\" sizes=\"(max-width: 1024px) 100vw, 1024px\" title=\"\u041e \u043d\u0430\u0441\">\t\t\t\t\t\t\t\t\t\t\t\t\t\t\t<\/div>\n\t\t\t\t<\/div>\n\t\t\t\t<\/div>\n\t\t\t\t<\/div>","protected":false},"excerpt":{"rendered":"<p>meist Meist lilled tallinn Olen kolmanda p\u00f5lvkonna lillekunstnik Lilledega lapsep\u00f5lvest ja suure kogemusega floristikas.Loon kimpe ja kompositsioone s\u00fcdame, v\u00e4rskuse ja [&hellip;]<\/p>","protected":false},"author":1,"featured_media":0,"parent":0,"menu_order":0,"comment_status":"closed","ping_status":"closed","template":"","meta":{"_surecart_dashboard_logo_width":"180px","_surecart_dashboard_show_logo":true,"_surecart_dashboard_navigation_orders":true,"_surecart_dashboard_navigation_invoices":true,"_surecart_dashboard_navigation_subscriptions":true,"_surecart_dashboard_navigation_downloads":true,"_surecart_dashboard_navigation_billing":true,"_surecart_dashboard_navigation_account":true,"_uag_custom_page_level_css":"","site-sidebar-layout":"no-sidebar","site-content-layout":"","ast-site-content-layout":"normal-width-container","site-content-style":"default","site-sidebar-style":"default","ast-global-header-display":"","ast-banner-title-visibility":"","ast-main-header-display":"","ast-hfb-above-header-display":"","ast-hfb-below-header-display":"","ast-hfb-mobile-header-display":"","site-post-title":"","ast-breadcrumbs-content":"","ast-featured-img":"","footer-sml-layout":"","ast-disable-related-posts":"","theme-transparent-header-meta":"enabled","adv-header-id-meta":"","stick-header-meta":"","header-above-stick-meta":"","header-main-stick-meta":"","header-below-stick-meta":"","astra-migrate-meta-layouts":"default","ast-page-background-enabled":"default","ast-page-background-meta":{"desktop":{"background-color":"var(--ast-global-color-4)","background-image":"","background-repeat":"repeat","background-position":"center center","background-size":"auto","background-attachment":"scroll","background-type":"","background-media":"","overlay-type":"","overlay-color":"","overlay-opacity":"","overlay-gradient":""},"tablet":{"background-color":"","background-image":"","background-repeat":"repeat","background-position":"center center","background-size":"auto","background-attachment":"scroll","background-type":"","background-media":"","overlay-type":"","overlay-color":"","overlay-opacity":"","overlay-gradient":""},"mobile":{"background-color":"","background-image":"","background-repeat":"repeat","background-position":"center center","background-size":"auto","background-attachment":"scroll","background-type":"","background-media":"","overlay-type":"","overlay-color":"","overlay-opacity":"","overlay-gradient":""}},"ast-content-background-meta":{"desktop":{"background-color":"var(--ast-global-color-5)","background-image":"","background-repeat":"repeat","background-position":"center center","background-size":"auto","background-attachment":"scroll","background-type":"","background-media":"","overlay-type":"","overlay-color":"","overlay-opacity":"","overlay-gradient":""},"tablet":{"background-color":"var(--ast-global-color-5)","background-image":"","background-repeat":"repeat","background-position":"center center","background-size":"auto","background-attachment":"scroll","background-type":"","background-media":"","overlay-type":"","overlay-color":"","overlay-opacity":"","overlay-gradient":""},"mobile":{"background-color":"var(--ast-global-color-5)","background-image":"","background-repeat":"repeat","background-position":"center center","background-size":"auto","background-attachment":"scroll","background-type":"","background-media":"","overlay-type":"","overlay-color":"","overlay-opacity":"","overlay-gradient":""}},"footnotes":""},"class_list":["post-1651","page","type-page","status-publish","hentry"],"uagb_featured_image_src":{"full":false,"thumbnail":false,"medium":false,"medium_large":false,"large":false,"1536x1536":false,"2048x2048":false,"trp-custom-language-flag":false,"woocommerce_thumbnail":false,"woocommerce_single":false,"woocommerce_gallery_thumbnail":false,"dgwt-wcas-product-suggestion":false},"uagb_author_info":{"display_name":"admin","author_link":"https:\/\/lilledtallinn.ee\/ru\/author\/admin\/"},"uagb_comment_info":0,"uagb_excerpt":"meist Meist lilled tallinn Olen kolmanda p\u00f5lvkonna lillekunstnik Lilledega lapsep\u00f5lvest ja suure kogemusega floristikas.Loon kimpe ja kompositsioone s\u00fcdame, v\u00e4rskuse ja [&hellip;]","jetpack_sharing_enabled":true,"_links":{"self":[{"href":"https:\/\/lilledtallinn.ee\/ru\/wp-json\/wp\/v2\/pages\/1651","targetHints":{"allow":["GET"]}}],"collection":[{"href":"https:\/\/lilledtallinn.ee\/ru\/wp-json\/wp\/v2\/pages"}],"about":[{"href":"https:\/\/lilledtallinn.ee\/ru\/wp-json\/wp\/v2\/types\/page"}],"author":[{"embeddable":true,"href":"https:\/\/lilledtallinn.ee\/ru\/wp-json\/wp\/v2\/users\/1"}],"replies":[{"embeddable":true,"href":"https:\/\/lilledtallinn.ee\/ru\/wp-json\/wp\/v2\/comments?post=1651"}],"version-history":[{"count":4,"href":"https:\/\/lilledtallinn.ee\/ru\/wp-json\/wp\/v2\/pages\/1651\/revisions"}],"predecessor-version":[{"id":1663,"href":"https:\/\/lilledtallinn.ee\/ru\/wp-json\/wp\/v2\/pages\/1651\/revisions\/1663"}],"wp:attachment":[{"href":"https:\/\/lilledtallinn.ee\/ru\/wp-json\/wp\/v2\/media?parent=1651"}],"curies":[{"name":"wp","href":"https:\/\/api.w.org\/{rel}","templated":true}]}}