{"id":1326,"date":"2026-01-01T13:37:24","date_gmt":"2026-01-01T13:37:24","guid":{"rendered":"https:\/\/lilledtallinn.ee\/toode\/%d0%b4%d0%b5%d0%bd%d1%8c-%d0%bc%d0%b0%d1%82%d0%b5%d1%80%d0%b8%e2%9d%a4-%f0%9f%8c%ba-%d0%bd%d0%be-%d1%87%d1%82%d0%be-%d0%b4%d0%b5%d0%bb%d0%b0%d1%82%d1%8c-%d0%b2-%d1%81%d0%bb%d1%83%d1%87%d0%b0%d0%b5\/"},"modified":"2026-01-03T19:05:00","modified_gmt":"2026-01-03T19:05:00","slug":"luksuslik-kimp","status":"publish","type":"product","link":"https:\/\/lilledtallinn.ee\/ru\/product\/luksuslik-kimp\/","title":{"rendered":"\u0420\u043e\u0441\u043a\u043e\u0448\u043d\u044b\u0439 \u0431\u0443\u043a\u0435\u0442"},"content":{"rendered":"","protected":false},"excerpt":{"rendered":"<div class=\"Y3BBE\" data-sfc-cp=\"\" data-hveid=\"CAEIAhAA\" data-processed=\"true\" data-complete=\"true\">\u041a\u043e\u043c\u043f\u043e\u0437\u0438\u0446\u0438\u0438 \u0432 \u043a\u043e\u0440\u043e\u0431\u043a\u0430\u0445 \u043e\u0442 \u0440\u0430\u0437\u043d\u044b\u0445 \u0440\u0430\u0437\u043c\u0435\u0440\u043e\u0432. \u041a\u043e\u0440\u043e\u0431\u043a\u0438 \u043d\u0430\u0447\u0438\u043d\u0430\u044f \u043e\u0442 10 \u0441\u043c \u0432 \u0434\u0438\u0430\u043c\u0435\u0442\u0440\u0435 \u0438 \u0432\u044b\u0441\u043e\u0442\u043e\u0439 15\u0441\u043c. \u0418\u043c\u0435\u044e\u0442\u0441\u044f \u0440\u0430\u0437\u043c\u0435\u0440\u044b 10\u00d715 , 15\u00d715 , 20\u00d715 , 25\u00d715 \u0441\u043c. \u0426\u0435\u043d\u044b \u0437\u0430\u0432\u0438\u0441\u044f\u0442 \u043e\u0442 \u043a\u043e\u043b\u0438\u0447\u0435\u0441\u0442\u0432\u0430 \u0446\u0432\u0435\u0442\u043e\u0432.\n\n\u041f\u043b\u044e\u0441\u044b \u0431\u0443\u043a\u0435\u0442\u043e\u0432 \u0432 \u0448\u043b\u044f\u043f\u043d\u043e\u0439 \u043a\u043e\u0440\u043e\u0431\u043a\u0435: \u0440\u043e\u0441\u043a\u043e\u0448\u043d\u044b\u0439 \u0431\u0443\u043a\u0435\u0442, \u043f\u043e\u0440\u0430\u0436\u0430\u044e\u0449\u0438\u0439 \u043e\u0440\u0438\u0433\u0438\u043d\u0430\u043b\u044c\u043d\u043e\u0441\u0442\u044c\u044e, \u0441\u0432\u0435\u0436\u0435\u0441\u0442\u044c\u044e; \u043b\u0435\u0433\u043a\u043e, \u0443\u0434\u043e\u0431\u043d\u043e \u0432\u0440\u0443\u0447\u0430\u0435\u0442\u0441\u044f \u0432 \u043a\u0430\u0436\u0434\u043e\u0439 \u0441\u0438\u0442\u0443\u0430\u0446\u0438\u0438; \u043f\u043e\u043b\u0443\u0447\u0430\u0442\u0435\u043b\u044e \u043d\u0435 \u043d\u0430\u0434\u043e \u0434\u0443\u043c\u0430\u0442\u044c, \u043a\u0443\u0434\u0430 \u043f\u043e\u0441\u0442\u0430\u0432\u0438\u0442\u044c \u0446\u0432\u0435\u0442\u044b, \u0447\u0442\u043e\u0431\u044b \u043d\u0435 \u043f\u043e\u0440\u0442\u0438\u043b\u0430\u0441\u044c \u0438\u0445 \u043f\u0435\u0440\u0432\u043e\u0437\u0434\u0430\u043d\u043d\u0430\u044f \u043a\u0440\u0430\u0441\u043e\u0442\u0430. \n\n\u041d\u0435 \u043d\u0430\u0434\u043e \u0438\u0441\u043a\u0430\u0442\u044c \u0434\u043b\u044f \u043d\u0438\u0445 \u0435\u043c\u043a\u043e\u0441\u0442\u044c, \u0432\u0435\u0434\u044c \u0432\u043b\u0430\u0433\u0430 \u0443\u0436\u0435 \u0435\u0441\u0442\u044c. \u0418\u043c\u0435\u0435\u0442\u0441\u044f \u043a\u0430\u0440\u0442\u043e\u043d\u043d\u0430\u044f \u0437\u0430\u0449\u0438\u0442\u0430 \u2013 \u0446\u0432\u0435\u0442\u044b \u043d\u0430\u0445\u043e\u0434\u044f\u0442\u0441\u044f \u0432 \u043f\u043e\u043b\u043d\u0435\u0439\u0448\u0435\u0439 \u0431\u0435\u0437\u043e\u043f\u0430\u0441\u043d\u043e\u0441\u0442\u0438.\n\n\u0417\u0432\u043e\u043d\u0438\u0442\u0435 \u043f\u043e \u043d\u043e\u043c\u0435\u0440\u0443 58391467\ud83c\uddea\ud83c\uddea\ud83c\uddf7\ud83c\uddfa Viber, WhatsApp, Messenger\n\n\u0414\u043e\u0441\u0442\u0430\u0432\u043a\u0430 \u043f\u043e \u0422\u0430\u043b\u043b\u0438\u043d\u043d\u0443 \u0432 \u0442\u0435\u0447\u0435\u043d\u0438\u0438 1 \u0447\u0430\u0441\u0430.\u00a0<img decoding=\"async\" class=\"emoji\" src=\"https:\/\/vk.com\/emoji\/e\/f09fa7b8.png\" alt=\"\ud83e\uddf8\" \/><img decoding=\"async\" class=\"emoji\" src=\"https:\/\/vk.com\/emoji\/e\/f09f8cba.png\" alt=\"\ud83c\udf3a\" \/><img decoding=\"async\" class=\"emoji\" src=\"https:\/\/vk.com\/emoji\/e\/e29da4.png\" alt=\"\u2764\" \/><\/p>\n<p>Karbibukettide eelised: luksuslik kimp, mis avaldab muljet oma originaalsuse ja v\u00e4rskusega;<br \/>\nlihtne ja mugav \u00fcle anda igas olukorras; saaja ei pea muretsema, kuhu lilled asetada, et s\u00e4ilitada nende algne ilu \u2014 vaasi pole vaja otsida, kuna niisutus on juba olemas.<br \/>\nTugev kartongist \u00fcmbris tagab lillede t\u00e4ieliku turvalisuse.<br \/>\nHelistage numbril: 58391467\u00a0<img decoding=\"async\" class=\"emoji\" src=\"https:\/\/vk.com\/emoji\/e\/f09f87aaf09f87aa.png\" alt=\"\ud83c\uddea\ud83c\uddea\" \/><img decoding=\"async\" class=\"emoji\" src=\"https:\/\/vk.com\/emoji\/e\/f09f87b7f09f87ba.png\" alt=\"\ud83c\uddf7\ud83c\uddfa\" \/>\u00a0(Viber, WhatsApp, Messenger)<br \/>\nKohaletoimetamine Tallinnas 1 tunni jooksul.<\/div>","protected":false},"featured_media":1325,"template":"","meta":{"_surecart_dashboard_logo_width":"180px","_surecart_dashboard_show_logo":true,"_surecart_dashboard_navigation_orders":true,"_surecart_dashboard_navigation_invoices":true,"_surecart_dashboard_navigation_subscriptions":true,"_surecart_dashboard_navigation_downloads":true,"_surecart_dashboard_navigation_billing":true,"_surecart_dashboard_navigation_account":true,"_uag_custom_page_level_css":"","site-sidebar-layout":"default","site-content-layout":"","ast-site-content-layout":"default","site-content-style":"default","site-sidebar-style":"default","ast-global-header-display":"","ast-banner-title-visibility":"","ast-main-header-display":"","ast-hfb-above-header-display":"","ast-hfb-below-header-display":"","ast-hfb-mobile-header-display":"","site-post-title":"","ast-breadcrumbs-content":"","ast-featured-img":"","footer-sml-layout":"","ast-disable-related-posts":"","theme-transparent-header-meta":"default","adv-header-id-meta":"","stick-header-meta":"","header-above-stick-meta":"","header-main-stick-meta":"","header-below-stick-meta":"","astra-migrate-meta-layouts":"set","ast-page-background-enabled":"default","ast-page-background-meta":{"desktop":{"background-color":"var(--ast-global-color-4)","background-image":"","background-repeat":"repeat","background-position":"center center","background-size":"auto","background-attachment":"scroll","background-type":"","background-media":"","overlay-type":"","overlay-color":"","overlay-opacity":"","overlay-gradient":""},"tablet":{"background-color":"","background-image":"","background-repeat":"repeat","background-position":"center center","background-size":"auto","background-attachment":"scroll","background-type":"","background-media":"","overlay-type":"","overlay-color":"","overlay-opacity":"","overlay-gradient":""},"mobile":{"background-color":"","background-image":"","background-repeat":"repeat","background-position":"center center","background-size":"auto","background-attachment":"scroll","background-type":"","background-media":"","overlay-type":"","overlay-color":"","overlay-opacity":"","overlay-gradient":""}},"ast-content-background-meta":{"desktop":{"background-color":"var(--ast-global-color-5)","background-image":"","background-repeat":"repeat","background-position":"center center","background-size":"auto","background-attachment":"scroll","background-type":"","background-media":"","overlay-type":"","overlay-color":"","overlay-opacity":"","overlay-gradient":""},"tablet":{"background-color":"var(--ast-global-color-5)","background-image":"","background-repeat":"repeat","background-position":"center center","background-size":"auto","background-attachment":"scroll","background-type":"","background-media":"","overlay-type":"","overlay-color":"","overlay-opacity":"","overlay-gradient":""},"mobile":{"background-color":"var(--ast-global-color-5)","background-image":"","background-repeat":"repeat","background-position":"center center","background-size":"auto","background-attachment":"scroll","background-type":"","background-media":"","overlay-type":"","overlay-color":"","overlay-opacity":"","overlay-gradient":""}}},"product_brand":[],"product_cat":[21,22,41,25],"product_tag":[],"class_list":{"0":"post-1326","1":"product","2":"type-product","3":"status-publish","4":"has-post-thumbnail","6":"product_cat-lilled-ja-kimbud","7":"product_cat-alkohol","8":"product_cat-loikelilled","9":"product_cat-roosid-karbis","10":"desktop-align-left","11":"tablet-align-left","12":"mobile-align-left","14":"first","15":"instock","16":"shipping-taxable","17":"product-type-simple"},"uagb_featured_image_src":{"full":["https:\/\/lilledtallinn.ee\/wp-content\/uploads\/2026\/01\/95479556_327760691530461_1526273194320013225_n.jpg",735,805,false],"thumbnail":["https:\/\/lilledtallinn.ee\/wp-content\/uploads\/2026\/01\/95479556_327760691530461_1526273194320013225_n-150x150.jpg",150,150,true],"medium":["https:\/\/lilledtallinn.ee\/wp-content\/uploads\/2026\/01\/95479556_327760691530461_1526273194320013225_n-274x300.jpg",274,300,true],"medium_large":["https:\/\/lilledtallinn.ee\/wp-content\/uploads\/2026\/01\/95479556_327760691530461_1526273194320013225_n.jpg",735,805,false],"large":["https:\/\/lilledtallinn.ee\/wp-content\/uploads\/2026\/01\/95479556_327760691530461_1526273194320013225_n.jpg",735,805,false],"1536x1536":["https:\/\/lilledtallinn.ee\/wp-content\/uploads\/2026\/01\/95479556_327760691530461_1526273194320013225_n.jpg",735,805,false],"2048x2048":["https:\/\/lilledtallinn.ee\/wp-content\/uploads\/2026\/01\/95479556_327760691530461_1526273194320013225_n.jpg",735,805,false],"trp-custom-language-flag":["https:\/\/lilledtallinn.ee\/wp-content\/uploads\/2026\/01\/95479556_327760691530461_1526273194320013225_n.jpg",11,12,false],"woocommerce_thumbnail":["https:\/\/lilledtallinn.ee\/wp-content\/uploads\/2026\/01\/95479556_327760691530461_1526273194320013225_n-300x300.jpg",300,300,true],"woocommerce_single":["https:\/\/lilledtallinn.ee\/wp-content\/uploads\/2026\/01\/95479556_327760691530461_1526273194320013225_n-600x657.jpg",600,657,true],"woocommerce_gallery_thumbnail":["https:\/\/lilledtallinn.ee\/wp-content\/uploads\/2026\/01\/95479556_327760691530461_1526273194320013225_n-100x100.jpg",100,100,true],"dgwt-wcas-product-suggestion":["https:\/\/lilledtallinn.ee\/wp-content\/uploads\/2026\/01\/95479556_327760691530461_1526273194320013225_n.jpg",64,70,false]},"uagb_author_info":{"display_name":"admin","author_link":"https:\/\/lilledtallinn.ee\/ru\/author\/"},"uagb_comment_info":0,"uagb_excerpt":"Kompositsioonid erineva suurusega karpides. Karbid alates l\u00e4bim\u00f5\u00f5dust 10 cm ja k\u00f5rgusest 15 cm. Valikus on suurused: 10\u00d715, 15\u00d715, 20\u00d715, 25\u00d715 cm. Hind s\u00f5ltub lillede kogusest\u00a0 Karbibukettide eelised: luksuslik kimp, mis avaldab muljet oma originaalsuse ja v\u00e4rskusega; lihtne ja mugav \u00fcle anda igas olukorras; saaja ei pea muretsema, kuhu lilled asetada, et s\u00e4ilitada nende algne ilu&hellip;","jetpack_sharing_enabled":true,"_links":{"self":[{"href":"https:\/\/lilledtallinn.ee\/ru\/wp-json\/wp\/v2\/product\/1326","targetHints":{"allow":["GET"]}}],"collection":[{"href":"https:\/\/lilledtallinn.ee\/ru\/wp-json\/wp\/v2\/product"}],"about":[{"href":"https:\/\/lilledtallinn.ee\/ru\/wp-json\/wp\/v2\/types\/product"}],"wp:featuredmedia":[{"embeddable":true,"href":"https:\/\/lilledtallinn.ee\/ru\/wp-json\/wp\/v2\/media\/1325"}],"wp:attachment":[{"href":"https:\/\/lilledtallinn.ee\/ru\/wp-json\/wp\/v2\/media?parent=1326"}],"wp:term":[{"taxonomy":"product_brand","embeddable":true,"href":"https:\/\/lilledtallinn.ee\/ru\/wp-json\/wp\/v2\/product_brand?post=1326"},{"taxonomy":"product_cat","embeddable":true,"href":"https:\/\/lilledtallinn.ee\/ru\/wp-json\/wp\/v2\/product_cat?post=1326"},{"taxonomy":"product_tag","embeddable":true,"href":"https:\/\/lilledtallinn.ee\/ru\/wp-json\/wp\/v2\/product_tag?post=1326"}],"curies":[{"name":"wp","href":"https:\/\/api.w.org\/{rel}","templated":true}]}}