{"id":1405,"date":"2026-01-01T13:37:47","date_gmt":"2026-01-01T13:37:47","guid":{"rendered":"https:\/\/lilledtallinn.ee\/toode\/%f0%9f%94%94-lilled-kooli-lopetamise-puhul-%f0%9f%94%94koolilopetamine-on-margiline-sundmus-opilastele-nende-vanematele-ja-opetajatele-kes-on-andnud-suure-panuse-iga-lapse-arengusse-ja-ellu-sell\/"},"modified":"2026-01-01T16:33:43","modified_gmt":"2026-01-01T16:33:43","slug":"%f0%9f%94%94-lilled-kooli-lopetamise-puhul-%f0%9f%94%94koolilopetamine-on-margiline-sundmus-opilastele-nende-vanematele-ja-opetajatele-kes-on-andnud-suure-panuse-iga-lapse-arengusse-ja-ellu-sell","status":"publish","type":"product","link":"https:\/\/lilledtallinn.ee\/ru\/product\/%f0%9f%94%94-lilled-kooli-lopetamise-puhul-%f0%9f%94%94koolilopetamine-on-margiline-sundmus-opilastele-nende-vanematele-ja-opetajatele-kes-on-andnud-suure-panuse-iga-lapse-arengusse-ja-ellu-sell\/","title":{"rendered":"Lilled kooli l\u00f5petamise puhul"},"content":{"rendered":"","protected":false},"excerpt":{"rendered":"<p>\ud83d\udd14 Lilled kooli l\u00f5petamise puhul \ud83d\udd14<\/p>\n<p>Koolil\u00f5petamine on m\u00e4rgiline s\u00fcndmus \u00f5pilastele, nende vanematele ja \u00f5petajatele, kes on andnud suure panuse iga lapse arengusse ja ellu.  Selleks pidulikuks p\u00e4evaks peate korralikult valmistuma, unustamata toredaid kingitusi \u00f5petajatele.  Oma t\u00e4nu ja lugupidamist saad v\u00e4ljendada kauni lillekimbuga Lilled Tallinn <\/p>\n<p>\u2705\ufe0f Klassiruumi hinnapakkumine.<br \/>\n\u2705\ufe0f Kooli hinnapakkumine.<br \/>\n\u2705\ufe0f Kimp \u00f5petajale.<br \/>\n\u2705\ufe0f Lilled \u00f5pilastele.<\/p>\n<p>K\u00fcsi personaalset pakkumist \ud83d\udcf2  5839 1467 <\/p>\n<p>@lilledtallinn<\/p>","protected":false},"featured_media":1404,"template":"","meta":{"_surecart_dashboard_logo_width":"180px","_surecart_dashboard_show_logo":true,"_surecart_dashboard_navigation_orders":true,"_surecart_dashboard_navigation_invoices":true,"_surecart_dashboard_navigation_subscriptions":true,"_surecart_dashboard_navigation_downloads":true,"_surecart_dashboard_navigation_billing":true,"_surecart_dashboard_navigation_account":true,"_uag_custom_page_level_css":"","site-sidebar-layout":"default","site-content-layout":"","ast-site-content-layout":"default","site-content-style":"default","site-sidebar-style":"default","ast-global-header-display":"","ast-banner-title-visibility":"","ast-main-header-display":"","ast-hfb-above-header-display":"","ast-hfb-below-header-display":"","ast-hfb-mobile-header-display":"","site-post-title":"","ast-breadcrumbs-content":"","ast-featured-img":"","footer-sml-layout":"","ast-disable-related-posts":"","theme-transparent-header-meta":"","adv-header-id-meta":"","stick-header-meta":"","header-above-stick-meta":"","header-main-stick-meta":"","header-below-stick-meta":"","astra-migrate-meta-layouts":"default","ast-page-background-enabled":"default","ast-page-background-meta":{"desktop":{"background-color":"var(--ast-global-color-4)","background-image":"","background-repeat":"repeat","background-position":"center center","background-size":"auto","background-attachment":"scroll","background-type":"","background-media":"","overlay-type":"","overlay-color":"","overlay-opacity":"","overlay-gradient":""},"tablet":{"background-color":"","background-image":"","background-repeat":"repeat","background-position":"center center","background-size":"auto","background-attachment":"scroll","background-type":"","background-media":"","overlay-type":"","overlay-color":"","overlay-opacity":"","overlay-gradient":""},"mobile":{"background-color":"","background-image":"","background-repeat":"repeat","background-position":"center center","background-size":"auto","background-attachment":"scroll","background-type":"","background-media":"","overlay-type":"","overlay-color":"","overlay-opacity":"","overlay-gradient":""}},"ast-content-background-meta":{"desktop":{"background-color":"var(--ast-global-color-5)","background-image":"","background-repeat":"repeat","background-position":"center center","background-size":"auto","background-attachment":"scroll","background-type":"","background-media":"","overlay-type":"","overlay-color":"","overlay-opacity":"","overlay-gradient":""},"tablet":{"background-color":"var(--ast-global-color-5)","background-image":"","background-repeat":"repeat","background-position":"center center","background-size":"auto","background-attachment":"scroll","background-type":"","background-media":"","overlay-type":"","overlay-color":"","overlay-opacity":"","overlay-gradient":""},"mobile":{"background-color":"var(--ast-global-color-5)","background-image":"","background-repeat":"repeat","background-position":"center center","background-size":"auto","background-attachment":"scroll","background-type":"","background-media":"","overlay-type":"","overlay-color":"","overlay-opacity":"","overlay-gradient":""}}},"product_brand":[],"product_cat":[21],"product_tag":[],"class_list":{"0":"post-1405","1":"product","2":"type-product","3":"status-publish","4":"has-post-thumbnail","6":"product_cat-lilled-ja-kimbud","7":"desktop-align-left","8":"tablet-align-left","9":"mobile-align-left","11":"first","12":"instock","13":"shipping-taxable","14":"product-type-simple"},"uagb_featured_image_src":{"full":["https:\/\/lilledtallinn.ee\/wp-content\/uploads\/2026\/01\/345763130_1249062845712344_6403514759355295186_n.jpg",600,386,false],"thumbnail":["https:\/\/lilledtallinn.ee\/wp-content\/uploads\/2026\/01\/345763130_1249062845712344_6403514759355295186_n-150x150.jpg",150,150,true],"medium":["https:\/\/lilledtallinn.ee\/wp-content\/uploads\/2026\/01\/345763130_1249062845712344_6403514759355295186_n-300x193.jpg",300,193,true],"medium_large":["https:\/\/lilledtallinn.ee\/wp-content\/uploads\/2026\/01\/345763130_1249062845712344_6403514759355295186_n.jpg",600,386,false],"large":["https:\/\/lilledtallinn.ee\/wp-content\/uploads\/2026\/01\/345763130_1249062845712344_6403514759355295186_n.jpg",600,386,false],"1536x1536":["https:\/\/lilledtallinn.ee\/wp-content\/uploads\/2026\/01\/345763130_1249062845712344_6403514759355295186_n.jpg",600,386,false],"2048x2048":["https:\/\/lilledtallinn.ee\/wp-content\/uploads\/2026\/01\/345763130_1249062845712344_6403514759355295186_n.jpg",600,386,false],"trp-custom-language-flag":["https:\/\/lilledtallinn.ee\/wp-content\/uploads\/2026\/01\/345763130_1249062845712344_6403514759355295186_n.jpg",18,12,false],"woocommerce_thumbnail":["https:\/\/lilledtallinn.ee\/wp-content\/uploads\/2026\/01\/345763130_1249062845712344_6403514759355295186_n-300x300.jpg",300,300,true],"woocommerce_single":["https:\/\/lilledtallinn.ee\/wp-content\/uploads\/2026\/01\/345763130_1249062845712344_6403514759355295186_n.jpg",600,386,false],"woocommerce_gallery_thumbnail":["https:\/\/lilledtallinn.ee\/wp-content\/uploads\/2026\/01\/345763130_1249062845712344_6403514759355295186_n-100x100.jpg",100,100,true],"dgwt-wcas-product-suggestion":["https:\/\/lilledtallinn.ee\/wp-content\/uploads\/2026\/01\/345763130_1249062845712344_6403514759355295186_n.jpg",64,41,false]},"uagb_author_info":{"display_name":"admin","author_link":"https:\/\/lilledtallinn.ee\/ru\/author\/"},"uagb_comment_info":0,"uagb_excerpt":"\ud83d\udd14 Lilled kooli l\u00f5petamise puhul \ud83d\udd14 Koolil\u00f5petamine on m\u00e4rgiline s\u00fcndmus \u00f5pilastele, nende vanematele ja \u00f5petajatele, kes on andnud suure panuse iga lapse arengusse ja ellu. Selleks pidulikuks p\u00e4evaks peate korralikult valmistuma, unustamata toredaid kingitusi \u00f5petajatele. Oma t\u00e4nu ja lugupidamist saad v\u00e4ljendada kauni lillekimbuga Lilled Tallinn \u2705\ufe0f Klassiruumi hinnapakkumine. \u2705\ufe0f Kooli hinnapakkumine. \u2705\ufe0f Kimp \u00f5petajale. \u2705\ufe0f&hellip;","jetpack_sharing_enabled":true,"_links":{"self":[{"href":"https:\/\/lilledtallinn.ee\/ru\/wp-json\/wp\/v2\/product\/1405","targetHints":{"allow":["GET"]}}],"collection":[{"href":"https:\/\/lilledtallinn.ee\/ru\/wp-json\/wp\/v2\/product"}],"about":[{"href":"https:\/\/lilledtallinn.ee\/ru\/wp-json\/wp\/v2\/types\/product"}],"wp:featuredmedia":[{"embeddable":true,"href":"https:\/\/lilledtallinn.ee\/ru\/wp-json\/wp\/v2\/media\/1404"}],"wp:attachment":[{"href":"https:\/\/lilledtallinn.ee\/ru\/wp-json\/wp\/v2\/media?parent=1405"}],"wp:term":[{"taxonomy":"product_brand","embeddable":true,"href":"https:\/\/lilledtallinn.ee\/ru\/wp-json\/wp\/v2\/product_brand?post=1405"},{"taxonomy":"product_cat","embeddable":true,"href":"https:\/\/lilledtallinn.ee\/ru\/wp-json\/wp\/v2\/product_cat?post=1405"},{"taxonomy":"product_tag","embeddable":true,"href":"https:\/\/lilledtallinn.ee\/ru\/wp-json\/wp\/v2\/product_tag?post=1405"}],"curies":[{"name":"wp","href":"https:\/\/api.w.org\/{rel}","templated":true}]}}