{"id":1465,"date":"2026-01-01T13:40:14","date_gmt":"2026-01-01T13:40:14","guid":{"rendered":"https:\/\/lilledtallinn.ee\/toode\/%f0%9f%a9%b7-krusanteem-%f0%9f%a9%b7-lillepood-lilledtallinn-pakub-ornaid-lillekimpe-ja-saravaid-kompositsioone-muutke-see-puhkus-eriliseks-%f0%9f%8e%81%f0%9f%8c%b7-aadress-narva-mn\/"},"modified":"2026-01-03T18:26:11","modified_gmt":"2026-01-03T18:26:11","slug":"krusanteem-51-tk-70-cm","status":"publish","type":"product","link":"https:\/\/lilledtallinn.ee\/ru\/product\/krusanteem-51-tk-70-cm\/","title":{"rendered":"\u0425\u0440\u0438\u0437\u0430\u043d\u0442\u0435\u043c\u044b 51 \u0448\u0442. 70 \u0441\u043c."},"content":{"rendered":"","protected":false},"excerpt":{"rendered":"<p>\ud83e\ude77 KR\u00dcSANTEEM \ud83e\ude77 <\/p>\n<p>\u0426\u0432\u0435\u0442\u043e\u0447\u043d\u044b\u0439 \u043c\u0430\u0433\u0430\u0437\u0438\u043d LilledTallinn \u043f\u0440\u0435\u0434\u043b\u0430\u0433\u0430\u0435\u0442 \u043d\u0435\u0436\u043d\u044b\u0435 \u0431\u0443\u043a\u0435\u0442\u044b \u0438 \u044f\u0440\u043a\u0438\u0435 \u0446\u0432\u0435\u0442\u043e\u0447\u043d\u044b\u0435 \u043a\u043e\u043c\u043f\u043e\u0437\u0438\u0446\u0438\u0438. \u0421\u0434\u0435\u043b\u0430\u0439\u0442\u0435 \u043b\u044e\u0431\u043e\u0439 \u043f\u0440\u0430\u0437\u0434\u043d\u0438\u043a \u043e\u0441\u043e\u0431\u0435\u043d\u043d\u044b\u043c! \ud83c\udf81\ud83c\udf37 <\/p>\n<p>\u0410\u0434\u0440\u0435\u0441: Narva mnt 23, Tallinn <\/p>\n<p>\ud83d\udcde \u0417\u0432\u043e\u043d\u0438\u0442\u0435: +372 58391467 <\/p>\n<p>\ud83d\ude9a \u0414\u043e\u0441\u0442\u0430\u0432\u043a\u0430 \u0434\u043e \u0432\u0430\u0448\u0438\u0445 \u0434\u0432\u0435\u0440\u0435\u0439! <\/p>\n<p>\u00a0 #Lilled #Kingitused <\/p>\n<p>\u2705\ufe0f \u0422\u043e\u043b\u044c\u043a\u043e \u0441\u0432\u0435\u0436\u0438\u0435 \u0446\u0432\u0435\u0442\u044b<br \/>\n\u2705\ufe0f \u041b\u0443\u0447\u0448\u0435\u0435 \u043a\u0430\u0447\u0435\u0441\u0442\u0432\u043e<br \/>\n\u2705\ufe0f \u041d\u0435\u0432\u044b\u0441\u043e\u043a\u0438\u0435 \u0446\u0435\u043d\u044b<br \/>\n\u2705\ufe0f \u0411\u044b\u0441\u0442\u0440\u0430\u044f \u0434\u043e\u0441\u0442\u0430\u0432\u043a\u0430 \u0432 \u0442\u0435\u0447\u0435\u043d\u0438\u0435 \u0447\u0430\u0441\u0430<br \/>\n\u2705\ufe0f \u041f\u0440\u043e\u0432\u0435\u0440\u0435\u043d\u043d\u044b\u0435 \u043f\u043e\u0441\u0442\u0430\u0432\u0449\u0438\u043a\u0438<br \/>\n\u2705\ufe0f \u0411\u0435\u0441\u043f\u043b\u0430\u0442\u043d\u0430\u044f \u043f\u0430\u0440\u043a\u043e\u0432\u043a\u0430 15 \u043c\u0438\u043d. <\/p>\n<p>+372 5839 1467<br \/>\nLilled Tallinn <\/p>\n<p>#lilledtallinnas lilled tallinn flowers delivery<\/p>","protected":false},"featured_media":1464,"template":"","meta":{"_surecart_dashboard_logo_width":"180px","_surecart_dashboard_show_logo":true,"_surecart_dashboard_navigation_orders":true,"_surecart_dashboard_navigation_invoices":true,"_surecart_dashboard_navigation_subscriptions":true,"_surecart_dashboard_navigation_downloads":true,"_surecart_dashboard_navigation_billing":true,"_surecart_dashboard_navigation_account":true,"_uag_custom_page_level_css":"","site-sidebar-layout":"default","site-content-layout":"","ast-site-content-layout":"default","site-content-style":"default","site-sidebar-style":"default","ast-global-header-display":"","ast-banner-title-visibility":"","ast-main-header-display":"","ast-hfb-above-header-display":"","ast-hfb-below-header-display":"","ast-hfb-mobile-header-display":"","site-post-title":"","ast-breadcrumbs-content":"","ast-featured-img":"","footer-sml-layout":"","ast-disable-related-posts":"","theme-transparent-header-meta":"","adv-header-id-meta":"","stick-header-meta":"","header-above-stick-meta":"","header-main-stick-meta":"","header-below-stick-meta":"","astra-migrate-meta-layouts":"default","ast-page-background-enabled":"default","ast-page-background-meta":{"desktop":{"background-color":"var(--ast-global-color-4)","background-image":"","background-repeat":"repeat","background-position":"center center","background-size":"auto","background-attachment":"scroll","background-type":"","background-media":"","overlay-type":"","overlay-color":"","overlay-opacity":"","overlay-gradient":""},"tablet":{"background-color":"","background-image":"","background-repeat":"repeat","background-position":"center center","background-size":"auto","background-attachment":"scroll","background-type":"","background-media":"","overlay-type":"","overlay-color":"","overlay-opacity":"","overlay-gradient":""},"mobile":{"background-color":"","background-image":"","background-repeat":"repeat","background-position":"center center","background-size":"auto","background-attachment":"scroll","background-type":"","background-media":"","overlay-type":"","overlay-color":"","overlay-opacity":"","overlay-gradient":""}},"ast-content-background-meta":{"desktop":{"background-color":"var(--ast-global-color-5)","background-image":"","background-repeat":"repeat","background-position":"center center","background-size":"auto","background-attachment":"scroll","background-type":"","background-media":"","overlay-type":"","overlay-color":"","overlay-opacity":"","overlay-gradient":""},"tablet":{"background-color":"var(--ast-global-color-5)","background-image":"","background-repeat":"repeat","background-position":"center center","background-size":"auto","background-attachment":"scroll","background-type":"","background-media":"","overlay-type":"","overlay-color":"","overlay-opacity":"","overlay-gradient":""},"mobile":{"background-color":"var(--ast-global-color-5)","background-image":"","background-repeat":"repeat","background-position":"center center","background-size":"auto","background-attachment":"scroll","background-type":"","background-media":"","overlay-type":"","overlay-color":"","overlay-opacity":"","overlay-gradient":""}}},"product_brand":[],"product_cat":[21,38],"product_tag":[],"class_list":{"0":"post-1465","1":"product","2":"type-product","3":"status-publish","4":"has-post-thumbnail","6":"product_cat-lilled-ja-kimbud","7":"product_cat-krusanteem","8":"desktop-align-left","9":"tablet-align-left","10":"mobile-align-left","12":"first","13":"instock","14":"shipping-taxable","15":"product-type-simple"},"uagb_featured_image_src":{"full":["https:\/\/lilledtallinn.ee\/wp-content\/uploads\/2026\/01\/601779192_18208483537314774_3178499554893314752_n.jpg",1440,1920,false],"thumbnail":["https:\/\/lilledtallinn.ee\/wp-content\/uploads\/2026\/01\/601779192_18208483537314774_3178499554893314752_n-150x150.jpg",150,150,true],"medium":["https:\/\/lilledtallinn.ee\/wp-content\/uploads\/2026\/01\/601779192_18208483537314774_3178499554893314752_n-225x300.jpg",225,300,true],"medium_large":["https:\/\/lilledtallinn.ee\/wp-content\/uploads\/2026\/01\/601779192_18208483537314774_3178499554893314752_n-768x1024.jpg",768,1024,true],"large":["https:\/\/lilledtallinn.ee\/wp-content\/uploads\/2026\/01\/601779192_18208483537314774_3178499554893314752_n-768x1024.jpg",768,1024,true],"1536x1536":["https:\/\/lilledtallinn.ee\/wp-content\/uploads\/2026\/01\/601779192_18208483537314774_3178499554893314752_n-1152x1536.jpg",1152,1536,true],"2048x2048":["https:\/\/lilledtallinn.ee\/wp-content\/uploads\/2026\/01\/601779192_18208483537314774_3178499554893314752_n.jpg",1440,1920,false],"trp-custom-language-flag":["https:\/\/lilledtallinn.ee\/wp-content\/uploads\/2026\/01\/601779192_18208483537314774_3178499554893314752_n.jpg",9,12,false],"woocommerce_thumbnail":["https:\/\/lilledtallinn.ee\/wp-content\/uploads\/2026\/01\/601779192_18208483537314774_3178499554893314752_n-300x300.jpg",300,300,true],"woocommerce_single":["https:\/\/lilledtallinn.ee\/wp-content\/uploads\/2026\/01\/601779192_18208483537314774_3178499554893314752_n-600x800.jpg",600,800,true],"woocommerce_gallery_thumbnail":["https:\/\/lilledtallinn.ee\/wp-content\/uploads\/2026\/01\/601779192_18208483537314774_3178499554893314752_n-100x100.jpg",100,100,true],"dgwt-wcas-product-suggestion":["https:\/\/lilledtallinn.ee\/wp-content\/uploads\/2026\/01\/601779192_18208483537314774_3178499554893314752_n.jpg",64,85,false]},"uagb_author_info":{"display_name":"admin","author_link":"https:\/\/lilledtallinn.ee\/ru\/author\/"},"uagb_comment_info":0,"uagb_excerpt":"\ud83e\ude77 KR\u00dcSANTEEM \ud83e\ude77 Lillepood LilledTallinn pakub \u00f5rnaid lillekimpe ja s\u00e4ravaid kompositsioone.\u00a0 Muutke see puhkus eriliseks!\u00a0 \ud83c\udf81\ud83c\udf37 Aadress: Narva mnt 23, Tallinn \ud83d\udcde Telli telefonil: +372 58391467 \ud83d\ude9a Ilutoomine otse teie ukseni! \u00a0 #Lilled #Kingitused \u2705\ufe0f V\u00e4rsked lilled. \u2705\ufe0f Parim kvaliteet. \u2705\ufe0f Madalaimad hinnad. \u2705\ufe0f Kiire kohaletoimetamine tunni jooksul \u2705\ufe0f Lillem\u00fc\u00fcja t\u00f6\u00f6 hinnaga \u2705\ufe0f Mugav parkimine&hellip;","jetpack_sharing_enabled":true,"_links":{"self":[{"href":"https:\/\/lilledtallinn.ee\/ru\/wp-json\/wp\/v2\/product\/1465","targetHints":{"allow":["GET"]}}],"collection":[{"href":"https:\/\/lilledtallinn.ee\/ru\/wp-json\/wp\/v2\/product"}],"about":[{"href":"https:\/\/lilledtallinn.ee\/ru\/wp-json\/wp\/v2\/types\/product"}],"wp:featuredmedia":[{"embeddable":true,"href":"https:\/\/lilledtallinn.ee\/ru\/wp-json\/wp\/v2\/media\/1464"}],"wp:attachment":[{"href":"https:\/\/lilledtallinn.ee\/ru\/wp-json\/wp\/v2\/media?parent=1465"}],"wp:term":[{"taxonomy":"product_brand","embeddable":true,"href":"https:\/\/lilledtallinn.ee\/ru\/wp-json\/wp\/v2\/product_brand?post=1465"},{"taxonomy":"product_cat","embeddable":true,"href":"https:\/\/lilledtallinn.ee\/ru\/wp-json\/wp\/v2\/product_cat?post=1465"},{"taxonomy":"product_tag","embeddable":true,"href":"https:\/\/lilledtallinn.ee\/ru\/wp-json\/wp\/v2\/product_tag?post=1465"}],"curies":[{"name":"wp","href":"https:\/\/api.w.org\/{rel}","templated":true}]}}