{"id":1469,"date":"2026-01-01T13:40:19","date_gmt":"2026-01-01T13:40:19","guid":{"rendered":"https:\/\/lilledtallinn.ee\/toode\/%f0%9f%92%97-roosid-eksklusiivne-ecuador-%f0%9f%92%97lillepood-lilled-tallinn-pakub-varskeid-ja-eksklusiivseid-ecuadori-roose-kauneid-lillekimpe-ning-saravaid-lilleseadeid-%f0%9f%8c%b9-s\/"},"modified":"2026-01-03T18:24:21","modified_gmt":"2026-01-03T18:24:21","slug":"rooside-kimp-51-tk-80-cm","status":"publish","type":"product","link":"https:\/\/lilledtallinn.ee\/ru\/product\/rooside-kimp-51-tk-80-cm\/","title":{"rendered":"\u0411\u0443\u043a\u0435\u0442 \u0438\u0437 \u0440\u043e\u0437 51 \u0448\u0442. 80 \u0441\u043c."},"content":{"rendered":"","protected":false},"excerpt":{"rendered":"<p>\ud83d\udc97 ROOSID \u2013 EKSKLUSIIVNE ECUADOR \ud83d\udc97<\/p>\n<p>Lillepood Lilled Tallinn pakub v\u00e4rskeid ja eksklusiivseid Ecuadori roose, kauneid lillekimpe ning s\u00e4ravaid lilleseadeid.<br \/>\n\ud83c\udf39 Suured \u00f5ienupud, pikk vastupidavus ja luksuslik v\u00e4limus \u2013 roosid, mis j\u00e4tavad t\u00f5elise mulje.<br \/>\nMuuda iga hetk eriliseks! \ud83c\udf81\u2728<\/p>\n<p>\ud83d\udccd Aadress: Narva mnt 23, Tallinn<\/p>\n<p>\ud83d\udcde Tellimine telefonil: +372 5839 1467<\/p>\n<p>\ud83d\ude97 Kohaletoimetamine otse teie ukseni!<\/p>\n<p>&#8212;<\/p>\n<p>\u2705 V\u00e4rsked lilled iga p\u00e4ev<br \/>\n\u2705 Parim kvaliteet<br \/>\n\u2705 Soodsad hinnad<br \/>\n\u2705 Kiire kohaletoimetamine (kuni 1 tund)<br \/>\n\u2705 Professionaalse lillem\u00fc\u00fcja t\u00f6\u00f6 hinna sees<br \/>\n\u2705 Mugav parkimine (15 min tasuta)<\/p>\n<p>&#8212;<\/p>\n<p>\ud83d\udcde +372 5839 1467<br \/>\n\ud83c\udf38 Lilled Tallinn<\/p>\n<p>#lilled #roosid #ecuadoriroosid lilledtallinn kingitus flowerdelivery<\/p>","protected":false},"featured_media":1468,"template":"","meta":{"_surecart_dashboard_logo_width":"180px","_surecart_dashboard_show_logo":true,"_surecart_dashboard_navigation_orders":true,"_surecart_dashboard_navigation_invoices":true,"_surecart_dashboard_navigation_subscriptions":true,"_surecart_dashboard_navigation_downloads":true,"_surecart_dashboard_navigation_billing":true,"_surecart_dashboard_navigation_account":true,"_uag_custom_page_level_css":"","site-sidebar-layout":"default","site-content-layout":"","ast-site-content-layout":"default","site-content-style":"default","site-sidebar-style":"default","ast-global-header-display":"","ast-banner-title-visibility":"","ast-main-header-display":"","ast-hfb-above-header-display":"","ast-hfb-below-header-display":"","ast-hfb-mobile-header-display":"","site-post-title":"","ast-breadcrumbs-content":"","ast-featured-img":"","footer-sml-layout":"","ast-disable-related-posts":"","theme-transparent-header-meta":"","adv-header-id-meta":"","stick-header-meta":"","header-above-stick-meta":"","header-main-stick-meta":"","header-below-stick-meta":"","astra-migrate-meta-layouts":"default","ast-page-background-enabled":"default","ast-page-background-meta":{"desktop":{"background-color":"var(--ast-global-color-4)","background-image":"","background-repeat":"repeat","background-position":"center center","background-size":"auto","background-attachment":"scroll","background-type":"","background-media":"","overlay-type":"","overlay-color":"","overlay-opacity":"","overlay-gradient":""},"tablet":{"background-color":"","background-image":"","background-repeat":"repeat","background-position":"center center","background-size":"auto","background-attachment":"scroll","background-type":"","background-media":"","overlay-type":"","overlay-color":"","overlay-opacity":"","overlay-gradient":""},"mobile":{"background-color":"","background-image":"","background-repeat":"repeat","background-position":"center center","background-size":"auto","background-attachment":"scroll","background-type":"","background-media":"","overlay-type":"","overlay-color":"","overlay-opacity":"","overlay-gradient":""}},"ast-content-background-meta":{"desktop":{"background-color":"var(--ast-global-color-5)","background-image":"","background-repeat":"repeat","background-position":"center center","background-size":"auto","background-attachment":"scroll","background-type":"","background-media":"","overlay-type":"","overlay-color":"","overlay-opacity":"","overlay-gradient":""},"tablet":{"background-color":"var(--ast-global-color-5)","background-image":"","background-repeat":"repeat","background-position":"center center","background-size":"auto","background-attachment":"scroll","background-type":"","background-media":"","overlay-type":"","overlay-color":"","overlay-opacity":"","overlay-gradient":""},"mobile":{"background-color":"var(--ast-global-color-5)","background-image":"","background-repeat":"repeat","background-position":"center center","background-size":"auto","background-attachment":"scroll","background-type":"","background-media":"","overlay-type":"","overlay-color":"","overlay-opacity":"","overlay-gradient":""}}},"product_brand":[],"product_cat":[21,26],"product_tag":[],"class_list":{"0":"post-1469","1":"product","2":"type-product","3":"status-publish","4":"has-post-thumbnail","6":"product_cat-lilled-ja-kimbud","7":"product_cat-rooside-kimp","8":"desktop-align-left","9":"tablet-align-left","10":"mobile-align-left","12":"first","13":"instock","14":"shipping-taxable","15":"product-type-simple"},"uagb_featured_image_src":{"full":["https:\/\/lilledtallinn.ee\/wp-content\/uploads\/2026\/01\/608535354_18209817646314774_2596812285309199710_n.jpg",1440,1920,false],"thumbnail":["https:\/\/lilledtallinn.ee\/wp-content\/uploads\/2026\/01\/608535354_18209817646314774_2596812285309199710_n-150x150.jpg",150,150,true],"medium":["https:\/\/lilledtallinn.ee\/wp-content\/uploads\/2026\/01\/608535354_18209817646314774_2596812285309199710_n-225x300.jpg",225,300,true],"medium_large":["https:\/\/lilledtallinn.ee\/wp-content\/uploads\/2026\/01\/608535354_18209817646314774_2596812285309199710_n-768x1024.jpg",768,1024,true],"large":["https:\/\/lilledtallinn.ee\/wp-content\/uploads\/2026\/01\/608535354_18209817646314774_2596812285309199710_n-768x1024.jpg",768,1024,true],"1536x1536":["https:\/\/lilledtallinn.ee\/wp-content\/uploads\/2026\/01\/608535354_18209817646314774_2596812285309199710_n-1152x1536.jpg",1152,1536,true],"2048x2048":["https:\/\/lilledtallinn.ee\/wp-content\/uploads\/2026\/01\/608535354_18209817646314774_2596812285309199710_n.jpg",1440,1920,false],"trp-custom-language-flag":["https:\/\/lilledtallinn.ee\/wp-content\/uploads\/2026\/01\/608535354_18209817646314774_2596812285309199710_n.jpg",9,12,false],"woocommerce_thumbnail":["https:\/\/lilledtallinn.ee\/wp-content\/uploads\/2026\/01\/608535354_18209817646314774_2596812285309199710_n-300x300.jpg",300,300,true],"woocommerce_single":["https:\/\/lilledtallinn.ee\/wp-content\/uploads\/2026\/01\/608535354_18209817646314774_2596812285309199710_n-600x800.jpg",600,800,true],"woocommerce_gallery_thumbnail":["https:\/\/lilledtallinn.ee\/wp-content\/uploads\/2026\/01\/608535354_18209817646314774_2596812285309199710_n-100x100.jpg",100,100,true],"dgwt-wcas-product-suggestion":["https:\/\/lilledtallinn.ee\/wp-content\/uploads\/2026\/01\/608535354_18209817646314774_2596812285309199710_n.jpg",64,85,false]},"uagb_author_info":{"display_name":"admin","author_link":"https:\/\/lilledtallinn.ee\/ru\/author\/"},"uagb_comment_info":0,"uagb_excerpt":"\ud83d\udc97 ROOSID \u2013 EKSKLUSIIVNE ECUADOR \ud83d\udc97 Lillepood Lilled Tallinn pakub v\u00e4rskeid ja eksklusiivseid Ecuadori roose, kauneid lillekimpe ning s\u00e4ravaid lilleseadeid. \ud83c\udf39 Suured \u00f5ienupud, pikk vastupidavus ja luksuslik v\u00e4limus \u2013 roosid, mis j\u00e4tavad t\u00f5elise mulje. Muuda iga hetk eriliseks! \ud83c\udf81\u2728 \ud83d\udccd Aadress: Narva mnt 23, Tallinn \ud83d\udcde Tellimine telefonil: +372 5839 1467 \ud83d\ude97 Kohaletoimetamine otse teie&hellip;","jetpack_sharing_enabled":true,"_links":{"self":[{"href":"https:\/\/lilledtallinn.ee\/ru\/wp-json\/wp\/v2\/product\/1469","targetHints":{"allow":["GET"]}}],"collection":[{"href":"https:\/\/lilledtallinn.ee\/ru\/wp-json\/wp\/v2\/product"}],"about":[{"href":"https:\/\/lilledtallinn.ee\/ru\/wp-json\/wp\/v2\/types\/product"}],"wp:featuredmedia":[{"embeddable":true,"href":"https:\/\/lilledtallinn.ee\/ru\/wp-json\/wp\/v2\/media\/1468"}],"wp:attachment":[{"href":"https:\/\/lilledtallinn.ee\/ru\/wp-json\/wp\/v2\/media?parent=1469"}],"wp:term":[{"taxonomy":"product_brand","embeddable":true,"href":"https:\/\/lilledtallinn.ee\/ru\/wp-json\/wp\/v2\/product_brand?post=1469"},{"taxonomy":"product_cat","embeddable":true,"href":"https:\/\/lilledtallinn.ee\/ru\/wp-json\/wp\/v2\/product_cat?post=1469"},{"taxonomy":"product_tag","embeddable":true,"href":"https:\/\/lilledtallinn.ee\/ru\/wp-json\/wp\/v2\/product_tag?post=1469"}],"curies":[{"name":"wp","href":"https:\/\/api.w.org\/{rel}","templated":true}]}}