{"id":1498,"date":"2026-01-01T15:13:21","date_gmt":"2026-01-01T15:13:21","guid":{"rendered":"https:\/\/lilledtallinn.ee\/toode\/lilled-tallinn-14\/"},"modified":"2026-01-01T16:26:11","modified_gmt":"2026-01-01T16:26:11","slug":"lilled-tallinn-14","status":"publish","type":"product","link":"https:\/\/lilledtallinn.ee\/ru\/product\/lilled-tallinn-14\/","title":{"rendered":"\u0411\u0443\u043a\u0435\u0442 \u0446\u0432\u0435\u0442\u043e\u0432"},"content":{"rendered":"","protected":false},"excerpt":{"rendered":"<p>KIMP Lillepood Lilled Tallinn pakub v\u00e4rskeid ja eksklusiivseid Ecuadori roose, kauneid lillekimpe ning s\u00e4ravaid lilleseadeid. Suured \u00f5ienupud, pikk vastupidavus ja luksuslik v\u00e4limus \u2013 roosid, mis j\u00e4tavad t\u00f5elise mulje. Muuda iga hetk eriliseks! Aadress: Narva mnt 23, Tallinn<\/p>","protected":false},"featured_media":1497,"template":"","meta":{"_surecart_dashboard_logo_width":"180px","_surecart_dashboard_show_logo":true,"_surecart_dashboard_navigation_orders":true,"_surecart_dashboard_navigation_invoices":true,"_surecart_dashboard_navigation_subscriptions":true,"_surecart_dashboard_navigation_downloads":true,"_surecart_dashboard_navigation_billing":true,"_surecart_dashboard_navigation_account":true,"_uag_custom_page_level_css":"","site-sidebar-layout":"default","site-content-layout":"","ast-site-content-layout":"default","site-content-style":"default","site-sidebar-style":"default","ast-global-header-display":"","ast-banner-title-visibility":"","ast-main-header-display":"","ast-hfb-above-header-display":"","ast-hfb-below-header-display":"","ast-hfb-mobile-header-display":"","site-post-title":"","ast-breadcrumbs-content":"","ast-featured-img":"","footer-sml-layout":"","ast-disable-related-posts":"","theme-transparent-header-meta":"","adv-header-id-meta":"","stick-header-meta":"","header-above-stick-meta":"","header-main-stick-meta":"","header-below-stick-meta":"","astra-migrate-meta-layouts":"default","ast-page-background-enabled":"default","ast-page-background-meta":{"desktop":{"background-color":"var(--ast-global-color-4)","background-image":"","background-repeat":"repeat","background-position":"center center","background-size":"auto","background-attachment":"scroll","background-type":"","background-media":"","overlay-type":"","overlay-color":"","overlay-opacity":"","overlay-gradient":""},"tablet":{"background-color":"","background-image":"","background-repeat":"repeat","background-position":"center center","background-size":"auto","background-attachment":"scroll","background-type":"","background-media":"","overlay-type":"","overlay-color":"","overlay-opacity":"","overlay-gradient":""},"mobile":{"background-color":"","background-image":"","background-repeat":"repeat","background-position":"center center","background-size":"auto","background-attachment":"scroll","background-type":"","background-media":"","overlay-type":"","overlay-color":"","overlay-opacity":"","overlay-gradient":""}},"ast-content-background-meta":{"desktop":{"background-color":"var(--ast-global-color-5)","background-image":"","background-repeat":"repeat","background-position":"center center","background-size":"auto","background-attachment":"scroll","background-type":"","background-media":"","overlay-type":"","overlay-color":"","overlay-opacity":"","overlay-gradient":""},"tablet":{"background-color":"var(--ast-global-color-5)","background-image":"","background-repeat":"repeat","background-position":"center center","background-size":"auto","background-attachment":"scroll","background-type":"","background-media":"","overlay-type":"","overlay-color":"","overlay-opacity":"","overlay-gradient":""},"mobile":{"background-color":"var(--ast-global-color-5)","background-image":"","background-repeat":"repeat","background-position":"center center","background-size":"auto","background-attachment":"scroll","background-type":"","background-media":"","overlay-type":"","overlay-color":"","overlay-opacity":"","overlay-gradient":""}}},"product_brand":[],"product_cat":[21],"product_tag":[],"class_list":{"0":"post-1498","1":"product","2":"type-product","3":"status-publish","4":"has-post-thumbnail","6":"product_cat-lilled-ja-kimbud","7":"desktop-align-left","8":"tablet-align-left","9":"mobile-align-left","11":"first","12":"instock","13":"shipping-taxable","14":"product-type-simple"},"uagb_featured_image_src":{"full":["https:\/\/lilledtallinn.ee\/wp-content\/uploads\/2026\/01\/607455074_1297075082444390_5133618058171355261_n.jpg",1440,1920,false],"thumbnail":["https:\/\/lilledtallinn.ee\/wp-content\/uploads\/2026\/01\/607455074_1297075082444390_5133618058171355261_n-150x150.jpg",150,150,true],"medium":["https:\/\/lilledtallinn.ee\/wp-content\/uploads\/2026\/01\/607455074_1297075082444390_5133618058171355261_n-225x300.jpg",225,300,true],"medium_large":["https:\/\/lilledtallinn.ee\/wp-content\/uploads\/2026\/01\/607455074_1297075082444390_5133618058171355261_n-768x1024.jpg",768,1024,true],"large":["https:\/\/lilledtallinn.ee\/wp-content\/uploads\/2026\/01\/607455074_1297075082444390_5133618058171355261_n-768x1024.jpg",768,1024,true],"1536x1536":["https:\/\/lilledtallinn.ee\/wp-content\/uploads\/2026\/01\/607455074_1297075082444390_5133618058171355261_n-1152x1536.jpg",1152,1536,true],"2048x2048":["https:\/\/lilledtallinn.ee\/wp-content\/uploads\/2026\/01\/607455074_1297075082444390_5133618058171355261_n.jpg",1440,1920,false],"trp-custom-language-flag":["https:\/\/lilledtallinn.ee\/wp-content\/uploads\/2026\/01\/607455074_1297075082444390_5133618058171355261_n.jpg",9,12,false],"woocommerce_thumbnail":["https:\/\/lilledtallinn.ee\/wp-content\/uploads\/2026\/01\/607455074_1297075082444390_5133618058171355261_n-300x300.jpg",300,300,true],"woocommerce_single":["https:\/\/lilledtallinn.ee\/wp-content\/uploads\/2026\/01\/607455074_1297075082444390_5133618058171355261_n-600x800.jpg",600,800,true],"woocommerce_gallery_thumbnail":["https:\/\/lilledtallinn.ee\/wp-content\/uploads\/2026\/01\/607455074_1297075082444390_5133618058171355261_n-100x100.jpg",100,100,true],"dgwt-wcas-product-suggestion":["https:\/\/lilledtallinn.ee\/wp-content\/uploads\/2026\/01\/607455074_1297075082444390_5133618058171355261_n.jpg",64,85,false]},"uagb_author_info":{"display_name":"admin","author_link":"https:\/\/lilledtallinn.ee\/ru\/author\/"},"uagb_comment_info":0,"uagb_excerpt":"KIMP Lillepood Lilled Tallinn pakub v\u00e4rskeid ja eksklusiivseid Ecuadori roose, kauneid lillekimpe ning s\u00e4ravaid lilleseadeid. Suured \u00f5ienupud, pikk vastupidavus ja luksuslik v\u00e4limus \u2013 roosid, mis j\u00e4tavad t\u00f5elise mulje. Muuda iga hetk eriliseks! Aadress: Narva mnt 23, Tallinn","jetpack_sharing_enabled":true,"_links":{"self":[{"href":"https:\/\/lilledtallinn.ee\/ru\/wp-json\/wp\/v2\/product\/1498","targetHints":{"allow":["GET"]}}],"collection":[{"href":"https:\/\/lilledtallinn.ee\/ru\/wp-json\/wp\/v2\/product"}],"about":[{"href":"https:\/\/lilledtallinn.ee\/ru\/wp-json\/wp\/v2\/types\/product"}],"wp:featuredmedia":[{"embeddable":true,"href":"https:\/\/lilledtallinn.ee\/ru\/wp-json\/wp\/v2\/media\/1497"}],"wp:attachment":[{"href":"https:\/\/lilledtallinn.ee\/ru\/wp-json\/wp\/v2\/media?parent=1498"}],"wp:term":[{"taxonomy":"product_brand","embeddable":true,"href":"https:\/\/lilledtallinn.ee\/ru\/wp-json\/wp\/v2\/product_brand?post=1498"},{"taxonomy":"product_cat","embeddable":true,"href":"https:\/\/lilledtallinn.ee\/ru\/wp-json\/wp\/v2\/product_cat?post=1498"},{"taxonomy":"product_tag","embeddable":true,"href":"https:\/\/lilledtallinn.ee\/ru\/wp-json\/wp\/v2\/product_tag?post=1498"}],"curies":[{"name":"wp","href":"https:\/\/api.w.org\/{rel}","templated":true}]}}