{"id":1666,"date":"2026-01-13T11:00:36","date_gmt":"2026-01-13T11:00:36","guid":{"rendered":"https:\/\/lilledtallinn.ee\/?post_type=product&#038;p=1666"},"modified":"2026-01-13T11:23:45","modified_gmt":"2026-01-13T11:23:45","slug":"leinakimbud-ja-kompositsioonid","status":"publish","type":"product","link":"https:\/\/lilledtallinn.ee\/ru\/product\/leinakimbud-ja-kompositsioonid\/","title":{"rendered":"\u0422\u0440\u0430\u0443\u0440\u043d\u044b\u0435 \u0431\u0443\u043a\u0435\u0442\u044b \u0438 \u043a\u043e\u043c\u043f\u043e\u0437\u0438\u0446\u0438\u0438"},"content":{"rendered":"","protected":false},"excerpt":{"rendered":"<div class=\"xdj266r x14z9mp xat24cr x1lziwak x1vvkbs x126k92a\">\n<div dir=\"auto\">\n<div class=\"x14z9mp xat24cr x1lziwak x1vvkbs xtlvy1s x126k92a\">\n<div dir=\"auto\"><span class=\"html-span xexx8yu xyri2b x18d9i69 x1c1uobl x1hl2dhg x16tdsg8 x1vvkbs x3nfvp2 x1j61x8r x1fcty0u xdj266r xat24cr xm2jcoa x1mpyi22 xxymvpz xlup9mm x1kky2od\"><img decoding=\"async\" class=\"xz74otr x15mokao x1ga7v0g x16uus16 xbiv7yw\" src=\"https:\/\/static.xx.fbcdn.net\/images\/emoji.php\/v9\/t3e\/1\/16\/1f1ea_1f1ea.png\" alt=\"\ud83c\uddea\ud83c\uddea\" width=\"16\" height=\"16\" \/> \u00a0<span style=\"font-size: 16px\">Leinakimbud ja -kompositsioonid v\u00e4\u00e4rikuse ja austusega.<\/span><\/span><\/div>\n<\/div>\n<div class=\"x14z9mp xat24cr x1lziwak x1vvkbs xtlvy1s x126k92a\">\n<div dir=\"auto\">Valmistame p\u00e4rgi, korve ja kimpe v\u00e4rsketest lilledest \u2014 iga t\u00f6\u00f6 on loodud s\u00fcdamega.<\/div>\n<div dir=\"auto\">Aitame v\u00e4ljendada tundeid siis, kui s\u00f5nadest ei piisa.<\/div>\n<div dir=\"auto\"><span class=\"html-span xexx8yu xyri2b x18d9i69 x1c1uobl x1hl2dhg x16tdsg8 x1vvkbs x3nfvp2 x1j61x8r x1fcty0u xdj266r xat24cr xm2jcoa x1mpyi22 xxymvpz xlup9mm x1kky2od\"><img decoding=\"async\" class=\"xz74otr x15mokao x1ga7v0g x16uus16 xbiv7yw\" src=\"https:\/\/static.xx.fbcdn.net\/images\/emoji.php\/v9\/t2d\/1\/16\/1f4cd.png\" alt=\"\ud83d\udccd\" width=\"16\" height=\"16\" \/><\/span> Eritellimus v\u00f5imalik<\/div>\n<div dir=\"auto\"><span class=\"html-span xexx8yu xyri2b x18d9i69 x1c1uobl x1hl2dhg x16tdsg8 x1vvkbs x3nfvp2 x1j61x8r x1fcty0u xdj266r xat24cr xm2jcoa x1mpyi22 xxymvpz xlup9mm x1kky2od\"><img decoding=\"async\" class=\"xz74otr x15mokao x1ga7v0g x16uus16 xbiv7yw\" src=\"https:\/\/static.xx.fbcdn.net\/images\/emoji.php\/v9\/tec\/1\/16\/1f697.png\" alt=\"\ud83d\ude97\" width=\"16\" height=\"16\" \/><\/span> Kohaletoimetamine Tallinnas ja l\u00e4hi\u00fcmbruses<\/div>\n<div dir=\"auto\"><span class=\"html-span xexx8yu xyri2b x18d9i69 x1c1uobl x1hl2dhg x16tdsg8 x1vvkbs x3nfvp2 x1j61x8r x1fcty0u xdj266r xat24cr xm2jcoa x1mpyi22 xxymvpz xlup9mm x1kky2od\"><img loading=\"lazy\" decoding=\"async\" class=\"xz74otr x15mokao x1ga7v0g x16uus16 xbiv7yw\" src=\"https:\/\/static.xx.fbcdn.net\/images\/emoji.php\/v9\/t4d\/1\/16\/1f4de.png\" alt=\"\ud83d\udcde\" width=\"16\" height=\"16\" \/><\/span> +372 58391467<\/div>\n<div dir=\"auto\"><span class=\"html-span xexx8yu xyri2b x18d9i69 x1c1uobl x1hl2dhg x16tdsg8 x1vvkbs x3nfvp2 x1j61x8r x1fcty0u xdj266r xat24cr xm2jcoa x1mpyi22 xxymvpz xlup9mm x1kky2od\"><img loading=\"lazy\" decoding=\"async\" class=\"xz74otr x15mokao x1ga7v0g x16uus16 xbiv7yw\" src=\"https:\/\/static.xx.fbcdn.net\/images\/emoji.php\/v9\/tf0\/1\/16\/1f338.png\" alt=\"\ud83c\udf38\" width=\"16\" height=\"16\" \/><\/span> Austusega \u2014 Lilled Tallinn<\/p>\n<\/div>\n<\/div>\n<p><span class=\"html-span xexx8yu xyri2b x18d9i69 x1c1uobl x1hl2dhg x16tdsg8 x1vvkbs x3nfvp2 x1j61x8r x1fcty0u xdj266r xat24cr xm2jcoa x1mpyi22 xxymvpz xlup9mm x1kky2od\"><img loading=\"lazy\" decoding=\"async\" class=\"xz74otr x15mokao x1ga7v0g x16uus16 xbiv7yw\" src=\"https:\/\/static.xx.fbcdn.net\/images\/emoji.php\/v9\/t92\/1\/16\/1f1f7_1f1fa.png\" alt=\"\ud83c\uddf7\ud83c\uddfa\" width=\"16\" height=\"16\" \/> <span style=\"font-size: 16px\">\u0422\u0440\u0430\u0443\u0440\u043d\u044b\u0435 \u043a\u043e\u043c\u043f\u043e\u0437\u0438\u0446\u0438\u0438 \u0441 \u0443\u0432\u0430\u0436\u0435\u043d\u0438\u0435\u043c \u0438 \u0434\u043e\u0441\u0442\u043e\u0438\u043d\u0441\u0442\u0432\u043e\u043c.<\/span><\/span><\/div>\n<\/div>\n<div class=\"x14z9mp xat24cr x1lziwak x1vvkbs xtlvy1s x126k92a\">\n<div dir=\"auto\">\u041c\u044b \u0441\u043e\u0437\u0434\u0430\u0451\u043c \u0432\u0435\u043d\u043a\u0438, \u043a\u043e\u0440\u0437\u0438\u043d\u044b \u0438 \u0431\u0443\u043a\u0435\u0442\u044b \u0438\u0437 \u0441\u0432\u0435\u0436\u0438\u0445 \u0436\u0438\u0432\u044b\u0445 \u0446\u0432\u0435\u0442\u043e\u0432, \u0432\u043a\u043b\u0430\u0434\u044b\u0432\u0430\u044f \u0432 \u043a\u0430\u0436\u0434\u0443\u044e \u0440\u0430\u0431\u043e\u0442\u0443 \u0434\u0443\u0448\u0443 \u0438 \u0441\u043c\u044b\u0441\u043b.<\/div>\n<div dir=\"auto\">\u041f\u043e\u043c\u043e\u0433\u0430\u0435\u043c \u0432\u044b\u0440\u0430\u0437\u0438\u0442\u044c \u0447\u0443\u0432\u0441\u0442\u0432\u0430 \u0442\u043e\u0433\u0434\u0430, \u043a\u043e\u0433\u0434\u0430 \u0441\u043b\u043e\u0432\u0430 \u043b\u0438\u0448\u043d\u0438\u0435.<\/div>\n<div dir=\"auto\"><span class=\"html-span xexx8yu xyri2b x18d9i69 x1c1uobl x1hl2dhg x16tdsg8 x1vvkbs x3nfvp2 x1j61x8r x1fcty0u xdj266r xat24cr xm2jcoa x1mpyi22 xxymvpz xlup9mm x1kky2od\"><img decoding=\"async\" class=\"xz74otr x15mokao x1ga7v0g x16uus16 xbiv7yw\" src=\"https:\/\/static.xx.fbcdn.net\/images\/emoji.php\/v9\/t2d\/1\/16\/1f4cd.png\" alt=\"\ud83d\udccd\" width=\"16\" height=\"16\" \/><\/span> \u0418\u043d\u0434\u0438\u0432\u0438\u0434\u0443\u0430\u043b\u044c\u043d\u044b\u0435 \u0437\u0430\u043a\u0430\u0437\u044b<\/div>\n<div dir=\"auto\"><span class=\"html-span xexx8yu xyri2b x18d9i69 x1c1uobl x1hl2dhg x16tdsg8 x1vvkbs x3nfvp2 x1j61x8r x1fcty0u xdj266r xat24cr xm2jcoa x1mpyi22 xxymvpz xlup9mm x1kky2od\"><img decoding=\"async\" class=\"xz74otr x15mokao x1ga7v0g x16uus16 xbiv7yw\" src=\"https:\/\/static.xx.fbcdn.net\/images\/emoji.php\/v9\/tec\/1\/16\/1f697.png\" alt=\"\ud83d\ude97\" width=\"16\" height=\"16\" \/><\/span> \u0414\u043e\u0441\u0442\u0430\u0432\u043a\u0430 \u043f\u043e \u0422\u0430\u043b\u043b\u0438\u043d\u0443 \u0438 \u0431\u043b\u0438\u0436\u0430\u0439\u0448\u0438\u043c \u0440\u0430\u0439\u043e\u043d\u0430\u043c<\/div>\n<div dir=\"auto\"><span class=\"html-span xexx8yu xyri2b x18d9i69 x1c1uobl x1hl2dhg x16tdsg8 x1vvkbs x3nfvp2 x1j61x8r x1fcty0u xdj266r xat24cr xm2jcoa x1mpyi22 xxymvpz xlup9mm x1kky2od\"><img loading=\"lazy\" decoding=\"async\" class=\"xz74otr x15mokao x1ga7v0g x16uus16 xbiv7yw\" src=\"https:\/\/static.xx.fbcdn.net\/images\/emoji.php\/v9\/t4d\/1\/16\/1f4de.png\" alt=\"\ud83d\udcde\" width=\"16\" height=\"16\" \/><\/span> +372 58391467<\/div>\n<div dir=\"auto\"><span class=\"html-span xexx8yu xyri2b x18d9i69 x1c1uobl x1hl2dhg x16tdsg8 x1vvkbs x3nfvp2 x1j61x8r x1fcty0u xdj266r xat24cr xm2jcoa x1mpyi22 xxymvpz xlup9mm x1kky2od\"><img loading=\"lazy\" decoding=\"async\" class=\"xz74otr x15mokao x1ga7v0g x16uus16 xbiv7yw\" src=\"https:\/\/static.xx.fbcdn.net\/images\/emoji.php\/v9\/tf0\/1\/16\/1f338.png\" alt=\"\ud83c\udf38\" width=\"16\" height=\"16\" \/><\/span> \u0421 \u043b\u044e\u0431\u043e\u0432\u044c\u044e \u0438 \u0443\u0432\u0430\u0436\u0435\u043d\u0438\u0435\u043c \u2014 Lilled Tallinn<\/div>\n<\/div>\n<div class=\"x14z9mp xat24cr x1lziwak x1vvkbs xtlvy1s x126k92a\">\n<div dir=\"auto\">\u00a0<\/div>\n<\/div>","protected":false},"featured_media":1667,"template":"","meta":{"_surecart_dashboard_logo_width":"180px","_surecart_dashboard_show_logo":true,"_surecart_dashboard_navigation_orders":true,"_surecart_dashboard_navigation_invoices":true,"_surecart_dashboard_navigation_subscriptions":true,"_surecart_dashboard_navigation_downloads":true,"_surecart_dashboard_navigation_billing":true,"_surecart_dashboard_navigation_account":true,"_uag_custom_page_level_css":"","site-sidebar-layout":"default","site-content-layout":"","ast-site-content-layout":"default","site-content-style":"default","site-sidebar-style":"default","ast-global-header-display":"","ast-banner-title-visibility":"","ast-main-header-display":"","ast-hfb-above-header-display":"","ast-hfb-below-header-display":"","ast-hfb-mobile-header-display":"","site-post-title":"","ast-breadcrumbs-content":"","ast-featured-img":"","footer-sml-layout":"","ast-disable-related-posts":"","theme-transparent-header-meta":"","adv-header-id-meta":"","stick-header-meta":"","header-above-stick-meta":"","header-main-stick-meta":"","header-below-stick-meta":"","astra-migrate-meta-layouts":"default","ast-page-background-enabled":"default","ast-page-background-meta":{"desktop":{"background-color":"var(--ast-global-color-4)","background-image":"","background-repeat":"repeat","background-position":"center center","background-size":"auto","background-attachment":"scroll","background-type":"","background-media":"","overlay-type":"","overlay-color":"","overlay-opacity":"","overlay-gradient":""},"tablet":{"background-color":"","background-image":"","background-repeat":"repeat","background-position":"center center","background-size":"auto","background-attachment":"scroll","background-type":"","background-media":"","overlay-type":"","overlay-color":"","overlay-opacity":"","overlay-gradient":""},"mobile":{"background-color":"","background-image":"","background-repeat":"repeat","background-position":"center center","background-size":"auto","background-attachment":"scroll","background-type":"","background-media":"","overlay-type":"","overlay-color":"","overlay-opacity":"","overlay-gradient":""}},"ast-content-background-meta":{"desktop":{"background-color":"var(--ast-global-color-5)","background-image":"","background-repeat":"repeat","background-position":"center center","background-size":"auto","background-attachment":"scroll","background-type":"","background-media":"","overlay-type":"","overlay-color":"","overlay-opacity":"","overlay-gradient":""},"tablet":{"background-color":"var(--ast-global-color-5)","background-image":"","background-repeat":"repeat","background-position":"center center","background-size":"auto","background-attachment":"scroll","background-type":"","background-media":"","overlay-type":"","overlay-color":"","overlay-opacity":"","overlay-gradient":""},"mobile":{"background-color":"var(--ast-global-color-5)","background-image":"","background-repeat":"repeat","background-position":"center center","background-size":"auto","background-attachment":"scroll","background-type":"","background-media":"","overlay-type":"","overlay-color":"","overlay-opacity":"","overlay-gradient":""}}},"product_brand":[],"product_cat":[21,50],"product_tag":[],"class_list":{"0":"post-1666","1":"product","2":"type-product","3":"status-publish","4":"has-post-thumbnail","6":"product_cat-lilled-ja-kimbud","7":"product_cat-matusekimpud","8":"desktop-align-left","9":"tablet-align-left","10":"mobile-align-left","12":"first","13":"instock","14":"shipping-taxable","15":"product-type-simple"},"uagb_featured_image_src":{"full":["https:\/\/lilledtallinn.ee\/wp-content\/uploads\/2026\/01\/568269803_672844032546073_233500979877417887_n.jpg",1024,1024,false],"thumbnail":["https:\/\/lilledtallinn.ee\/wp-content\/uploads\/2026\/01\/568269803_672844032546073_233500979877417887_n-150x150.jpg",150,150,true],"medium":["https:\/\/lilledtallinn.ee\/wp-content\/uploads\/2026\/01\/568269803_672844032546073_233500979877417887_n-300x300.jpg",300,300,true],"medium_large":["https:\/\/lilledtallinn.ee\/wp-content\/uploads\/2026\/01\/568269803_672844032546073_233500979877417887_n-768x768.jpg",768,768,true],"large":["https:\/\/lilledtallinn.ee\/wp-content\/uploads\/2026\/01\/568269803_672844032546073_233500979877417887_n.jpg",1024,1024,false],"1536x1536":["https:\/\/lilledtallinn.ee\/wp-content\/uploads\/2026\/01\/568269803_672844032546073_233500979877417887_n.jpg",1024,1024,false],"2048x2048":["https:\/\/lilledtallinn.ee\/wp-content\/uploads\/2026\/01\/568269803_672844032546073_233500979877417887_n.jpg",1024,1024,false],"trp-custom-language-flag":["https:\/\/lilledtallinn.ee\/wp-content\/uploads\/2026\/01\/568269803_672844032546073_233500979877417887_n-12x12.jpg",12,12,true],"woocommerce_thumbnail":["https:\/\/lilledtallinn.ee\/wp-content\/uploads\/2026\/01\/568269803_672844032546073_233500979877417887_n-300x300.jpg",300,300,true],"woocommerce_single":["https:\/\/lilledtallinn.ee\/wp-content\/uploads\/2026\/01\/568269803_672844032546073_233500979877417887_n-600x600.jpg",600,600,true],"woocommerce_gallery_thumbnail":["https:\/\/lilledtallinn.ee\/wp-content\/uploads\/2026\/01\/568269803_672844032546073_233500979877417887_n-100x100.jpg",100,100,true],"dgwt-wcas-product-suggestion":["https:\/\/lilledtallinn.ee\/wp-content\/uploads\/2026\/01\/568269803_672844032546073_233500979877417887_n-64x64.jpg",64,64,true]},"uagb_author_info":{"display_name":"admin","author_link":"https:\/\/lilledtallinn.ee\/ru\/author\/"},"uagb_comment_info":0,"uagb_excerpt":"\u00a0Leinakimbud ja -kompositsioonid v\u00e4\u00e4rikuse ja austusega.Valmistame p\u00e4rgi, korve ja kimpe v\u00e4rsketest lilledest \u2014 iga t\u00f6\u00f6 on loodud s\u00fcdamega.Aitame v\u00e4ljendada tundeid siis, kui s\u00f5nadest ei piisa. Eritellimus v\u00f5imalik Kohaletoimetamine Tallinnas ja l\u00e4hi\u00fcmbruses +372 58391467 Austusega \u2014 Lilled Tallinn \u0422\u0440\u0430\u0443\u0440\u043d\u044b\u0435 \u043a\u043e\u043c\u043f\u043e\u0437\u0438\u0446\u0438\u0438 \u0441 \u0443\u0432\u0430\u0436\u0435\u043d\u0438\u0435\u043c \u0438 \u0434\u043e\u0441\u0442\u043e\u0438\u043d\u0441\u0442\u0432\u043e\u043c.\u041c\u044b \u0441\u043e\u0437\u0434\u0430\u0451\u043c \u0432\u0435\u043d\u043a\u0438, \u043a\u043e\u0440\u0437\u0438\u043d\u044b \u0438 \u0431\u0443\u043a\u0435\u0442\u044b \u0438\u0437 \u0441\u0432\u0435\u0436\u0438\u0445 \u0436\u0438\u0432\u044b\u0445 \u0446\u0432\u0435\u0442\u043e\u0432, \u0432\u043a\u043b\u0430\u0434\u044b\u0432\u0430\u044f \u0432 \u043a\u0430\u0436\u0434\u0443\u044e&hellip;","jetpack_sharing_enabled":true,"_links":{"self":[{"href":"https:\/\/lilledtallinn.ee\/ru\/wp-json\/wp\/v2\/product\/1666","targetHints":{"allow":["GET"]}}],"collection":[{"href":"https:\/\/lilledtallinn.ee\/ru\/wp-json\/wp\/v2\/product"}],"about":[{"href":"https:\/\/lilledtallinn.ee\/ru\/wp-json\/wp\/v2\/types\/product"}],"wp:featuredmedia":[{"embeddable":true,"href":"https:\/\/lilledtallinn.ee\/ru\/wp-json\/wp\/v2\/media\/1667"}],"wp:attachment":[{"href":"https:\/\/lilledtallinn.ee\/ru\/wp-json\/wp\/v2\/media?parent=1666"}],"wp:term":[{"taxonomy":"product_brand","embeddable":true,"href":"https:\/\/lilledtallinn.ee\/ru\/wp-json\/wp\/v2\/product_brand?post=1666"},{"taxonomy":"product_cat","embeddable":true,"href":"https:\/\/lilledtallinn.ee\/ru\/wp-json\/wp\/v2\/product_cat?post=1666"},{"taxonomy":"product_tag","embeddable":true,"href":"https:\/\/lilledtallinn.ee\/ru\/wp-json\/wp\/v2\/product_tag?post=1666"}],"curies":[{"name":"wp","href":"https:\/\/api.w.org\/{rel}","templated":true}]}}