{"id":1677,"date":"2026-01-13T11:04:01","date_gmt":"2026-01-13T11:04:01","guid":{"rendered":"https:\/\/lilledtallinn.ee\/?post_type=product&#038;p=1677"},"modified":"2026-01-13T11:26:47","modified_gmt":"2026-01-13T11:26:47","slug":"matusekimp-voi-leinakimp","status":"publish","type":"product","link":"https:\/\/lilledtallinn.ee\/ru\/product\/matusekimp-voi-leinakimp\/","title":{"rendered":"\u0422\u0440\u0430\u0443\u0440\u043d\u044b\u0435 \u0431\u0443\u043a\u0435\u0442\u044b \u0438\u043b\u0438 \u0431\u0443\u043a\u0435\u0442\u044b \u0441\u043a\u043e\u0440\u0431\u0438"},"content":{"rendered":"","protected":false},"excerpt":{"rendered":"<div class=\"xdj266r x14z9mp xat24cr x1lziwak x1vvkbs x126k92a\">\n<div dir=\"auto\">\u0422\u0440\u0430\u0443\u0440\u043d\u044b\u0435 \u0431\u0443\u043a\u0435\u0442\u044b \u0438\u043b\u0438 \u0431\u0443\u043a\u0435\u0442\u044b \u0441\u043a\u043e\u0440\u0431\u0438. <span style=\"font-size: 16px\">\u041c\u044b \u0434\u0435\u043b\u0430\u0435\u043c \u0431\u0443\u043a\u0435\u0442\u044b \u043b\u0438\u0431\u043e \u0432 \u0441\u0432\u044f\u0437\u043a\u0435 (\u043d\u0430 \u0441\u0442\u0435\u0431\u043b\u044f\u0445), \u043b\u0438\u0431\u043e \u0432 \u0433\u0443\u0431\u043a\u0435 (\u043d\u0430 \u0441\u043f\u0435\u0446\u0438\u0430\u043b\u044c\u043d\u043e\u0439 \u043f\u043e\u0434\u0441\u0442\u0430\u0432\u043a\u0435). <br \/>\u041a\u043e\u043c\u043f\u043e\u0437\u0438\u0446\u0438\u0438 \u043d\u0430 \u043e\u0430\u0437\u0438\u0441\u0435 \u043c\u043e\u0433\u0443\u0442 \u0431\u044b\u0442\u044c \u0440\u0430\u0437\u043d\u043e\u0439 \u0444\u043e\u0440\u043c\u044b \u0438 \u0440\u0430\u0437\u043c\u0435\u0440\u0430: \u043a\u0440\u0443\u0433\u043b\u044b\u0435, \u043a\u0430\u043f\u043b\u0435\u0432\u0438\u0434\u043d\u044b\u0435 \u0438\u043b\u0438 \u0443\u0434\u043b\u0438\u043d\u0435\u043d\u043d\u044b\u0435.<\/span><\/div>\n<\/div>\n<div class=\"x14z9mp xat24cr x1lziwak x1vvkbs xtlvy1s x126k92a\">\n<div dir=\"auto\">\u0426\u0435\u043d\u044b \u043d\u0430\u0447\u0438\u043d\u0430\u044f \u043e\u0442 50 \u0435\u0432\u0440\u043e.<\/div>\n<\/div>","protected":false},"featured_media":1687,"template":"","meta":{"_surecart_dashboard_logo_width":"180px","_surecart_dashboard_show_logo":true,"_surecart_dashboard_navigation_orders":true,"_surecart_dashboard_navigation_invoices":true,"_surecart_dashboard_navigation_subscriptions":true,"_surecart_dashboard_navigation_downloads":true,"_surecart_dashboard_navigation_billing":true,"_surecart_dashboard_navigation_account":true,"_uag_custom_page_level_css":"","site-sidebar-layout":"default","site-content-layout":"","ast-site-content-layout":"default","site-content-style":"default","site-sidebar-style":"default","ast-global-header-display":"","ast-banner-title-visibility":"","ast-main-header-display":"","ast-hfb-above-header-display":"","ast-hfb-below-header-display":"","ast-hfb-mobile-header-display":"","site-post-title":"","ast-breadcrumbs-content":"","ast-featured-img":"","footer-sml-layout":"","ast-disable-related-posts":"","theme-transparent-header-meta":"","adv-header-id-meta":"","stick-header-meta":"","header-above-stick-meta":"","header-main-stick-meta":"","header-below-stick-meta":"","astra-migrate-meta-layouts":"default","ast-page-background-enabled":"default","ast-page-background-meta":{"desktop":{"background-color":"var(--ast-global-color-4)","background-image":"","background-repeat":"repeat","background-position":"center center","background-size":"auto","background-attachment":"scroll","background-type":"","background-media":"","overlay-type":"","overlay-color":"","overlay-opacity":"","overlay-gradient":""},"tablet":{"background-color":"","background-image":"","background-repeat":"repeat","background-position":"center center","background-size":"auto","background-attachment":"scroll","background-type":"","background-media":"","overlay-type":"","overlay-color":"","overlay-opacity":"","overlay-gradient":""},"mobile":{"background-color":"","background-image":"","background-repeat":"repeat","background-position":"center center","background-size":"auto","background-attachment":"scroll","background-type":"","background-media":"","overlay-type":"","overlay-color":"","overlay-opacity":"","overlay-gradient":""}},"ast-content-background-meta":{"desktop":{"background-color":"var(--ast-global-color-5)","background-image":"","background-repeat":"repeat","background-position":"center center","background-size":"auto","background-attachment":"scroll","background-type":"","background-media":"","overlay-type":"","overlay-color":"","overlay-opacity":"","overlay-gradient":""},"tablet":{"background-color":"var(--ast-global-color-5)","background-image":"","background-repeat":"repeat","background-position":"center center","background-size":"auto","background-attachment":"scroll","background-type":"","background-media":"","overlay-type":"","overlay-color":"","overlay-opacity":"","overlay-gradient":""},"mobile":{"background-color":"var(--ast-global-color-5)","background-image":"","background-repeat":"repeat","background-position":"center center","background-size":"auto","background-attachment":"scroll","background-type":"","background-media":"","overlay-type":"","overlay-color":"","overlay-opacity":"","overlay-gradient":""}}},"product_brand":[],"product_cat":[21,50],"product_tag":[],"class_list":{"0":"post-1677","1":"product","2":"type-product","3":"status-publish","4":"has-post-thumbnail","6":"product_cat-lilled-ja-kimbud","7":"product_cat-matusekimpud","8":"desktop-align-left","9":"tablet-align-left","10":"mobile-align-left","12":"first","13":"instock","14":"shipping-taxable","15":"product-type-simple"},"uagb_featured_image_src":{"full":["https:\/\/lilledtallinn.ee\/wp-content\/uploads\/2026\/01\/469139706_433969029766909_6759849297776738190_n.jpg",736,1012,false],"thumbnail":["https:\/\/lilledtallinn.ee\/wp-content\/uploads\/2026\/01\/469139706_433969029766909_6759849297776738190_n-150x150.jpg",150,150,true],"medium":["https:\/\/lilledtallinn.ee\/wp-content\/uploads\/2026\/01\/469139706_433969029766909_6759849297776738190_n-218x300.jpg",218,300,true],"medium_large":["https:\/\/lilledtallinn.ee\/wp-content\/uploads\/2026\/01\/469139706_433969029766909_6759849297776738190_n.jpg",736,1012,false],"large":["https:\/\/lilledtallinn.ee\/wp-content\/uploads\/2026\/01\/469139706_433969029766909_6759849297776738190_n.jpg",736,1012,false],"1536x1536":["https:\/\/lilledtallinn.ee\/wp-content\/uploads\/2026\/01\/469139706_433969029766909_6759849297776738190_n.jpg",736,1012,false],"2048x2048":["https:\/\/lilledtallinn.ee\/wp-content\/uploads\/2026\/01\/469139706_433969029766909_6759849297776738190_n.jpg",736,1012,false],"trp-custom-language-flag":["https:\/\/lilledtallinn.ee\/wp-content\/uploads\/2026\/01\/469139706_433969029766909_6759849297776738190_n-9x12.jpg",9,12,true],"woocommerce_thumbnail":["https:\/\/lilledtallinn.ee\/wp-content\/uploads\/2026\/01\/469139706_433969029766909_6759849297776738190_n-300x300.jpg",300,300,true],"woocommerce_single":["https:\/\/lilledtallinn.ee\/wp-content\/uploads\/2026\/01\/469139706_433969029766909_6759849297776738190_n-600x825.jpg",600,825,true],"woocommerce_gallery_thumbnail":["https:\/\/lilledtallinn.ee\/wp-content\/uploads\/2026\/01\/469139706_433969029766909_6759849297776738190_n-100x100.jpg",100,100,true],"dgwt-wcas-product-suggestion":["https:\/\/lilledtallinn.ee\/wp-content\/uploads\/2026\/01\/469139706_433969029766909_6759849297776738190_n-64x88.jpg",64,88,true]},"uagb_author_info":{"display_name":"admin","author_link":"https:\/\/lilledtallinn.ee\/ru\/author\/"},"uagb_comment_info":0,"uagb_excerpt":"Matusekimp v\u00f5i leinakimp. Kimpe teeme kas kokkuseotud n\u00f6 k\u00e4ekimbuna v\u00f5i spetsiaalsele oasise-alusele. Oasises kimbud v\u00f5ivad olla eri suuruse ja kujuga: \u00fcmarad, tilgakujulised v\u00f5i piklikud.Hinnad alates 50\u20ac.","jetpack_sharing_enabled":true,"_links":{"self":[{"href":"https:\/\/lilledtallinn.ee\/ru\/wp-json\/wp\/v2\/product\/1677","targetHints":{"allow":["GET"]}}],"collection":[{"href":"https:\/\/lilledtallinn.ee\/ru\/wp-json\/wp\/v2\/product"}],"about":[{"href":"https:\/\/lilledtallinn.ee\/ru\/wp-json\/wp\/v2\/types\/product"}],"wp:featuredmedia":[{"embeddable":true,"href":"https:\/\/lilledtallinn.ee\/ru\/wp-json\/wp\/v2\/media\/1687"}],"wp:attachment":[{"href":"https:\/\/lilledtallinn.ee\/ru\/wp-json\/wp\/v2\/media?parent=1677"}],"wp:term":[{"taxonomy":"product_brand","embeddable":true,"href":"https:\/\/lilledtallinn.ee\/ru\/wp-json\/wp\/v2\/product_brand?post=1677"},{"taxonomy":"product_cat","embeddable":true,"href":"https:\/\/lilledtallinn.ee\/ru\/wp-json\/wp\/v2\/product_cat?post=1677"},{"taxonomy":"product_tag","embeddable":true,"href":"https:\/\/lilledtallinn.ee\/ru\/wp-json\/wp\/v2\/product_tag?post=1677"}],"curies":[{"name":"wp","href":"https:\/\/api.w.org\/{rel}","templated":true}]}}