{"id":1693,"date":"2026-01-13T11:12:46","date_gmt":"2026-01-13T11:12:46","guid":{"rendered":"https:\/\/lilledtallinn.ee\/?post_type=product&#038;p=1693"},"modified":"2026-01-13T11:32:07","modified_gmt":"2026-01-13T11:32:07","slug":"matuseparg-3","status":"publish","type":"product","link":"https:\/\/lilledtallinn.ee\/ru\/product\/matuseparg-3\/","title":{"rendered":"\u0422\u0440\u0430\u0443\u0440\u043d\u044b\u0439 \u0432\u0435\u043d\u043e\u043a"},"content":{"rendered":"","protected":false},"excerpt":{"rendered":"<div class=\"x14z9mp xat24cr x1lziwak x1vvkbs xtlvy1s x126k92a\">\n<div dir=\"auto\" class=\"translation-block\">\u041c\u044b \u0434\u0435\u043b\u0430\u0435\u043c \u0442\u0440\u0430\u0443\u0440\u043d\u044b\u0435 \u0432\u0435\u043d\u043a\u0438 \u0440\u0430\u0437\u043d\u044b\u0445 \u0440\u0430\u0437\u043c\u0435\u0440\u043e\u0432 \u043d\u0430 \u043e\u0441\u043d\u043e\u0432\u0435 \u0438\u0437 \u0435\u043b\u043e\u0432\u044b\u0445 \u0432\u0435\u0442\u043e\u043a.\n\u0411\u043e\u043b\u044c\u0448\u0438\u0435 - \u0434\u0438\u0430\u043c\u0435\u0442\u0440\u043e\u043c 60-65 \u0441\u043c, \u0430 \u0442\u0435, \u0447\u0442\u043e \u043f\u043e\u043c\u0435\u043d\u044c\u0448\u0435 - 50-55 \u0441\u043c.\n\u0426\u0432\u0435\u0442\u044b \u0432 \u0432\u0435\u043d\u043a\u0435 \u0437\u0430\u043a\u0440\u0435\u043f\u043b\u0435\u043d\u044b \u0432 \u0433\u0443\u0431\u043a\u0435 (\u043e\u0430\u0437\u0438\u0441\u0435), \u043f\u043e\u044d\u0442\u043e\u043c\u0443 \u043e\u043d\u0438 \u043e\u0441\u0442\u0430\u044e\u0442\u0441\u044f \u0441\u0432\u0435\u0436\u0438\u043c\u0438 \u0432 \u0442\u0435\u0447\u0435\u043d\u0438\u0435 \u043d\u0435\u0441\u043a\u043e\u043b\u044c\u043a\u0438\u0445 \u0434\u043d\u0435\u0439.<\/div>\n<\/div>\n<div class=\"x14z9mp xat24cr x1lziwak x1vvkbs xtlvy1s x126k92a\">\n<div dir=\"auto\">\u0426\u0435\u043d\u044b \u043d\u0430\u0447\u0438\u043d\u0430\u044f \u043e\u0442 80 \u0435\u0432\u0440\u043e. <span style=\"font-size: 16px\">\u0417\u0430\u043a\u0430\u0437\u044b\u0432\u0430\u0442\u044c \u0432\u0435\u043d\u043a\u0438 \u0440\u0435\u043a\u043e\u043c\u0435\u043d\u0434\u0443\u0435\u0442\u0441\u044f \u043c\u0438\u043d\u0438\u043c\u0443\u043c \u0437\u0430 \u043e\u0434\u0438\u043d \u0434\u0435\u043d\u044c.<\/span><\/div>\n<\/div>","protected":false},"featured_media":1701,"template":"","meta":{"_surecart_dashboard_logo_width":"180px","_surecart_dashboard_show_logo":true,"_surecart_dashboard_navigation_orders":true,"_surecart_dashboard_navigation_invoices":true,"_surecart_dashboard_navigation_subscriptions":true,"_surecart_dashboard_navigation_downloads":true,"_surecart_dashboard_navigation_billing":true,"_surecart_dashboard_navigation_account":true,"_uag_custom_page_level_css":"","site-sidebar-layout":"default","site-content-layout":"","ast-site-content-layout":"default","site-content-style":"default","site-sidebar-style":"default","ast-global-header-display":"","ast-banner-title-visibility":"","ast-main-header-display":"","ast-hfb-above-header-display":"","ast-hfb-below-header-display":"","ast-hfb-mobile-header-display":"","site-post-title":"","ast-breadcrumbs-content":"","ast-featured-img":"","footer-sml-layout":"","ast-disable-related-posts":"","theme-transparent-header-meta":"","adv-header-id-meta":"","stick-header-meta":"","header-above-stick-meta":"","header-main-stick-meta":"","header-below-stick-meta":"","astra-migrate-meta-layouts":"default","ast-page-background-enabled":"default","ast-page-background-meta":{"desktop":{"background-color":"var(--ast-global-color-4)","background-image":"","background-repeat":"repeat","background-position":"center center","background-size":"auto","background-attachment":"scroll","background-type":"","background-media":"","overlay-type":"","overlay-color":"","overlay-opacity":"","overlay-gradient":""},"tablet":{"background-color":"","background-image":"","background-repeat":"repeat","background-position":"center center","background-size":"auto","background-attachment":"scroll","background-type":"","background-media":"","overlay-type":"","overlay-color":"","overlay-opacity":"","overlay-gradient":""},"mobile":{"background-color":"","background-image":"","background-repeat":"repeat","background-position":"center center","background-size":"auto","background-attachment":"scroll","background-type":"","background-media":"","overlay-type":"","overlay-color":"","overlay-opacity":"","overlay-gradient":""}},"ast-content-background-meta":{"desktop":{"background-color":"var(--ast-global-color-5)","background-image":"","background-repeat":"repeat","background-position":"center center","background-size":"auto","background-attachment":"scroll","background-type":"","background-media":"","overlay-type":"","overlay-color":"","overlay-opacity":"","overlay-gradient":""},"tablet":{"background-color":"var(--ast-global-color-5)","background-image":"","background-repeat":"repeat","background-position":"center center","background-size":"auto","background-attachment":"scroll","background-type":"","background-media":"","overlay-type":"","overlay-color":"","overlay-opacity":"","overlay-gradient":""},"mobile":{"background-color":"var(--ast-global-color-5)","background-image":"","background-repeat":"repeat","background-position":"center center","background-size":"auto","background-attachment":"scroll","background-type":"","background-media":"","overlay-type":"","overlay-color":"","overlay-opacity":"","overlay-gradient":""}}},"product_brand":[],"product_cat":[50],"product_tag":[],"class_list":{"0":"post-1693","1":"product","2":"type-product","3":"status-publish","4":"has-post-thumbnail","6":"product_cat-matusekimpud","7":"desktop-align-left","8":"tablet-align-left","9":"mobile-align-left","11":"first","12":"instock","13":"shipping-taxable","14":"product-type-simple"},"uagb_featured_image_src":{"full":["https:\/\/lilledtallinn.ee\/wp-content\/uploads\/2026\/01\/469362168_433968963100249_2550507719628808126_n.jpg",480,599,false],"thumbnail":["https:\/\/lilledtallinn.ee\/wp-content\/uploads\/2026\/01\/469362168_433968963100249_2550507719628808126_n-150x150.jpg",150,150,true],"medium":["https:\/\/lilledtallinn.ee\/wp-content\/uploads\/2026\/01\/469362168_433968963100249_2550507719628808126_n-240x300.jpg",240,300,true],"medium_large":["https:\/\/lilledtallinn.ee\/wp-content\/uploads\/2026\/01\/469362168_433968963100249_2550507719628808126_n.jpg",480,599,false],"large":["https:\/\/lilledtallinn.ee\/wp-content\/uploads\/2026\/01\/469362168_433968963100249_2550507719628808126_n.jpg",480,599,false],"1536x1536":["https:\/\/lilledtallinn.ee\/wp-content\/uploads\/2026\/01\/469362168_433968963100249_2550507719628808126_n.jpg",480,599,false],"2048x2048":["https:\/\/lilledtallinn.ee\/wp-content\/uploads\/2026\/01\/469362168_433968963100249_2550507719628808126_n.jpg",480,599,false],"trp-custom-language-flag":["https:\/\/lilledtallinn.ee\/wp-content\/uploads\/2026\/01\/469362168_433968963100249_2550507719628808126_n-10x12.jpg",10,12,true],"woocommerce_thumbnail":["https:\/\/lilledtallinn.ee\/wp-content\/uploads\/2026\/01\/469362168_433968963100249_2550507719628808126_n-300x300.jpg",300,300,true],"woocommerce_single":["https:\/\/lilledtallinn.ee\/wp-content\/uploads\/2026\/01\/469362168_433968963100249_2550507719628808126_n.jpg",480,599,false],"woocommerce_gallery_thumbnail":["https:\/\/lilledtallinn.ee\/wp-content\/uploads\/2026\/01\/469362168_433968963100249_2550507719628808126_n-100x100.jpg",100,100,true],"dgwt-wcas-product-suggestion":["https:\/\/lilledtallinn.ee\/wp-content\/uploads\/2026\/01\/469362168_433968963100249_2550507719628808126_n-64x80.jpg",64,80,true]},"uagb_author_info":{"display_name":"admin","author_link":"https:\/\/lilledtallinn.ee\/ru\/author\/"},"uagb_comment_info":0,"uagb_excerpt":"P\u00e4rgasid teeme erinevas suuruses kuuseokstest alusele. Suuremad l\u00e4bim\u00f5\u00f5dus 60-65cm ja v\u00e4iksemad 50-55cm. Lilled on p\u00e4rjal oasise-p\u00f5hjal, ning s\u00e4ilivad ilusad mitu p\u00e4eva.Hinnad alates 80\u20ac. P\u00e4rgasid on soovitav tellida v\u00e4hemalt 1 p\u00e4ev ette.","jetpack_sharing_enabled":true,"_links":{"self":[{"href":"https:\/\/lilledtallinn.ee\/ru\/wp-json\/wp\/v2\/product\/1693","targetHints":{"allow":["GET"]}}],"collection":[{"href":"https:\/\/lilledtallinn.ee\/ru\/wp-json\/wp\/v2\/product"}],"about":[{"href":"https:\/\/lilledtallinn.ee\/ru\/wp-json\/wp\/v2\/types\/product"}],"wp:featuredmedia":[{"embeddable":true,"href":"https:\/\/lilledtallinn.ee\/ru\/wp-json\/wp\/v2\/media\/1701"}],"wp:attachment":[{"href":"https:\/\/lilledtallinn.ee\/ru\/wp-json\/wp\/v2\/media?parent=1693"}],"wp:term":[{"taxonomy":"product_brand","embeddable":true,"href":"https:\/\/lilledtallinn.ee\/ru\/wp-json\/wp\/v2\/product_brand?post=1693"},{"taxonomy":"product_cat","embeddable":true,"href":"https:\/\/lilledtallinn.ee\/ru\/wp-json\/wp\/v2\/product_cat?post=1693"},{"taxonomy":"product_tag","embeddable":true,"href":"https:\/\/lilledtallinn.ee\/ru\/wp-json\/wp\/v2\/product_tag?post=1693"}],"curies":[{"name":"wp","href":"https:\/\/api.w.org\/{rel}","templated":true}]}}