{"id":712,"date":"2025-12-30T21:31:40","date_gmt":"2025-12-30T21:31:40","guid":{"rendered":"https:\/\/lilledtallinn.ee\/?post_type=product&#038;p=712"},"modified":"2025-12-31T02:05:00","modified_gmt":"2025-12-31T02:05:00","slug":"new-quinta-de-la-rosa-10-year-old-tawny-port-tonel-12","status":"publish","type":"product","link":"https:\/\/lilledtallinn.ee\/ru\/product\/new-quinta-de-la-rosa-10-year-old-tawny-port-tonel-12\/","title":{"rendered":"Quinta de la Rosa 10 Year Old Tawny Port (Tonel 12)"},"content":{"rendered":"<p data-start=\"521\" data-end=\"541\"><strong>Maitse ja aroom: <\/strong>Aroomis avanevad p\u00e4hklite, kuivatatud puuviljade, viigimarjade ja karamelli noodid. Maitse on pehme ja tasakaalustatud, tunda on mandlit, mett ja vaniljet, millele j\u00e4rgneb pikk p\u00e4hkline ja v\u00fcrtsikas j\u00e4relmaitse.<\/p>\n<p data-start=\"755\" data-end=\"770\"><strong>Soovitused: <\/strong>Sobib suurep\u00e4raselt magustoitude, juustude, p\u00e4hklite, \u0161okolaadi ja puuviljadega. Soovitatav serveerimistemperatuur on kergelt jahutatult <strong data-start=\"908\" data-end=\"920\">12\u201314 \u00b0C<\/strong>.<\/p>","protected":false},"excerpt":{"rendered":"<p>Quinta de la Rosa 10 Year Old Tawny Port (Tonel 12).<\/p>\n<p><strong data-start=\"0\" data-end=\"52\">Elegantne ja v\u00e4\u00e4rikas portvein Douro piirkonnast<\/strong>, laagerdunud tammevaatides v\u00e4hemalt 10 aastat. Toodetud pereettev\u00f5ttes <strong data-start=\"124\" data-end=\"145\">Quinta de la Rosa<\/strong>, mis on tuntud oma klassikaliste ja k\u00f5rgekvaliteediliste portveinide poolest.<\/p>\n<p data-start=\"225\" data-end=\"238\">Omadused:<\/p>\n<ul data-start=\"239\" data-end=\"519\">\n<li data-start=\"239\" data-end=\"269\">\n<p data-start=\"241\" data-end=\"269\"><strong data-start=\"241\" data-end=\"250\">T\u00fc\u00fcp:<\/strong> Portvein (Tawny)<\/p>\n<\/li>\n<li data-start=\"270\" data-end=\"292\">\n<p data-start=\"272\" data-end=\"292\"><strong data-start=\"272\" data-end=\"281\">Riik:<\/strong> Portugal<\/p>\n<\/li>\n<li data-start=\"293\" data-end=\"316\">\n<p data-start=\"295\" data-end=\"316\"><strong data-start=\"295\" data-end=\"308\">Piirkond:<\/strong> Douro<\/p>\n<\/li>\n<li data-start=\"317\" data-end=\"345\">\n<p data-start=\"319\" data-end=\"345\"><strong data-start=\"319\" data-end=\"333\">Laagerdus:<\/strong> 10 aastat<\/p>\n<\/li>\n<li data-start=\"346\" data-end=\"385\">\n<p data-start=\"348\" data-end=\"385\"><strong data-start=\"348\" data-end=\"369\">Alkoholisisaldus:<\/strong> umbes 20% vol<\/p>\n<\/li>\n<li data-start=\"386\" data-end=\"406\">\n<p data-start=\"388\" data-end=\"406\"><strong data-start=\"388\" data-end=\"397\">Maht:<\/strong> 0,75 l<\/p>\n<\/li>\n<li data-start=\"407\" data-end=\"519\">\n<p data-start=\"409\" data-end=\"519\"><strong data-start=\"409\" data-end=\"430\">Viinamarjasordid:<\/strong> Douro oru traditsioonilised sordid (sh Touriga Nacional, Touriga Franca, Tinta Roriz jt)<\/p>\n<\/li>\n<\/ul>","protected":false},"featured_media":725,"template":"","meta":{"_surecart_dashboard_logo_width":"180px","_surecart_dashboard_show_logo":true,"_surecart_dashboard_navigation_orders":true,"_surecart_dashboard_navigation_invoices":true,"_surecart_dashboard_navigation_subscriptions":true,"_surecart_dashboard_navigation_downloads":true,"_surecart_dashboard_navigation_billing":true,"_surecart_dashboard_navigation_account":true,"_uag_custom_page_level_css":"","site-sidebar-layout":"default","site-content-layout":"","ast-site-content-layout":"default","site-content-style":"default","site-sidebar-style":"default","ast-global-header-display":"","ast-banner-title-visibility":"","ast-main-header-display":"","ast-hfb-above-header-display":"","ast-hfb-below-header-display":"","ast-hfb-mobile-header-display":"","site-post-title":"","ast-breadcrumbs-content":"","ast-featured-img":"","footer-sml-layout":"","ast-disable-related-posts":"","theme-transparent-header-meta":"","adv-header-id-meta":"","stick-header-meta":"","header-above-stick-meta":"","header-main-stick-meta":"","header-below-stick-meta":"","astra-migrate-meta-layouts":"default","ast-page-background-enabled":"default","ast-page-background-meta":{"desktop":{"background-color":"var(--ast-global-color-4)","background-image":"","background-repeat":"repeat","background-position":"center center","background-size":"auto","background-attachment":"scroll","background-type":"","background-media":"","overlay-type":"","overlay-color":"","overlay-opacity":"","overlay-gradient":""},"tablet":{"background-color":"","background-image":"","background-repeat":"repeat","background-position":"center center","background-size":"auto","background-attachment":"scroll","background-type":"","background-media":"","overlay-type":"","overlay-color":"","overlay-opacity":"","overlay-gradient":""},"mobile":{"background-color":"","background-image":"","background-repeat":"repeat","background-position":"center center","background-size":"auto","background-attachment":"scroll","background-type":"","background-media":"","overlay-type":"","overlay-color":"","overlay-opacity":"","overlay-gradient":""}},"ast-content-background-meta":{"desktop":{"background-color":"var(--ast-global-color-5)","background-image":"","background-repeat":"repeat","background-position":"center center","background-size":"auto","background-attachment":"scroll","background-type":"","background-media":"","overlay-type":"","overlay-color":"","overlay-opacity":"","overlay-gradient":""},"tablet":{"background-color":"var(--ast-global-color-5)","background-image":"","background-repeat":"repeat","background-position":"center center","background-size":"auto","background-attachment":"scroll","background-type":"","background-media":"","overlay-type":"","overlay-color":"","overlay-opacity":"","overlay-gradient":""},"mobile":{"background-color":"var(--ast-global-color-5)","background-image":"","background-repeat":"repeat","background-position":"center center","background-size":"auto","background-attachment":"scroll","background-type":"","background-media":"","overlay-type":"","overlay-color":"","overlay-opacity":"","overlay-gradient":""}}},"product_brand":[],"product_cat":[22],"product_tag":[],"class_list":{"0":"post-712","1":"product","2":"type-product","3":"status-publish","4":"has-post-thumbnail","6":"product_cat-alkohol","7":"desktop-align-left","8":"tablet-align-left","9":"mobile-align-left","11":"first","12":"onbackorder","13":"shipping-taxable","14":"purchasable","15":"product-type-simple"},"uagb_featured_image_src":{"full":["https:\/\/lilledtallinn.ee\/wp-content\/uploads\/2025\/12\/68f7989e325f852e1f73d18a.avif",1200,675,false],"thumbnail":["https:\/\/lilledtallinn.ee\/wp-content\/uploads\/2025\/12\/68f7989e325f852e1f73d18a-150x150.avif",150,150,true],"medium":["https:\/\/lilledtallinn.ee\/wp-content\/uploads\/2025\/12\/68f7989e325f852e1f73d18a-300x169.avif",300,169,true],"medium_large":["https:\/\/lilledtallinn.ee\/wp-content\/uploads\/2025\/12\/68f7989e325f852e1f73d18a-768x432.avif",768,432,true],"large":["https:\/\/lilledtallinn.ee\/wp-content\/uploads\/2025\/12\/68f7989e325f852e1f73d18a-1024x576.avif",1024,576,true],"1536x1536":["https:\/\/lilledtallinn.ee\/wp-content\/uploads\/2025\/12\/68f7989e325f852e1f73d18a.avif",1200,675,false],"2048x2048":["https:\/\/lilledtallinn.ee\/wp-content\/uploads\/2025\/12\/68f7989e325f852e1f73d18a.avif",1200,675,false],"trp-custom-language-flag":["https:\/\/lilledtallinn.ee\/wp-content\/uploads\/2025\/12\/68f7989e325f852e1f73d18a.avif",18,10,false],"woocommerce_thumbnail":["https:\/\/lilledtallinn.ee\/wp-content\/uploads\/2025\/12\/68f7989e325f852e1f73d18a-300x300.avif",300,300,true],"woocommerce_single":["https:\/\/lilledtallinn.ee\/wp-content\/uploads\/2025\/12\/68f7989e325f852e1f73d18a-600x338.avif",600,338,true],"woocommerce_gallery_thumbnail":["https:\/\/lilledtallinn.ee\/wp-content\/uploads\/2025\/12\/68f7989e325f852e1f73d18a-100x100.avif",100,100,true],"dgwt-wcas-product-suggestion":["https:\/\/lilledtallinn.ee\/wp-content\/uploads\/2025\/12\/68f7989e325f852e1f73d18a.avif",64,36,false]},"uagb_author_info":{"display_name":"admin","author_link":"https:\/\/lilledtallinn.ee\/ru\/author\/"},"uagb_comment_info":0,"uagb_excerpt":"Quinta de la Rosa 10 Year Old Tawny Port (Tonel 12).Elegantne ja v\u00e4\u00e4rikas portvein Douro piirkonnast, laagerdunud tammevaatides v\u00e4hemalt 10 aastat. Toodetud pereettev\u00f5ttes Quinta de la Rosa, mis on tuntud oma klassikaliste ja k\u00f5rgekvaliteediliste portveinide poolest.Omadused:T\u00fc\u00fcp: Portvein (Tawny)Riik: PortugalPiirkond: DouroLaagerdus: 10 aastatAlkoholisisaldus: umbes 20% volMaht: 0,75 lViinamarjasordid: Douro oru traditsioonilised sordid (sh Touriga Nacional, Touriga&hellip;","jetpack_sharing_enabled":true,"_links":{"self":[{"href":"https:\/\/lilledtallinn.ee\/ru\/wp-json\/wp\/v2\/product\/712","targetHints":{"allow":["GET"]}}],"collection":[{"href":"https:\/\/lilledtallinn.ee\/ru\/wp-json\/wp\/v2\/product"}],"about":[{"href":"https:\/\/lilledtallinn.ee\/ru\/wp-json\/wp\/v2\/types\/product"}],"wp:featuredmedia":[{"embeddable":true,"href":"https:\/\/lilledtallinn.ee\/ru\/wp-json\/wp\/v2\/media\/725"}],"wp:attachment":[{"href":"https:\/\/lilledtallinn.ee\/ru\/wp-json\/wp\/v2\/media?parent=712"}],"wp:term":[{"taxonomy":"product_brand","embeddable":true,"href":"https:\/\/lilledtallinn.ee\/ru\/wp-json\/wp\/v2\/product_brand?post=712"},{"taxonomy":"product_cat","embeddable":true,"href":"https:\/\/lilledtallinn.ee\/ru\/wp-json\/wp\/v2\/product_cat?post=712"},{"taxonomy":"product_tag","embeddable":true,"href":"https:\/\/lilledtallinn.ee\/ru\/wp-json\/wp\/v2\/product_tag?post=712"}],"curies":[{"name":"wp","href":"https:\/\/api.w.org\/{rel}","templated":true}]}}