{"id":713,"date":"2025-12-30T21:31:40","date_gmt":"2025-12-30T21:31:40","guid":{"rendered":"https:\/\/lilledtallinn.ee\/?post_type=product&#038;p=713"},"modified":"2025-12-31T02:04:28","modified_gmt":"2025-12-31T02:04:28","slug":"quinta-de-la-rosa-20-year-old-tawny-port","status":"publish","type":"product","link":"https:\/\/lilledtallinn.ee\/ru\/product\/quinta-de-la-rosa-20-year-old-tawny-port\/","title":{"rendered":"Quinta de la Rosa 20 Year Old Tawny Port"},"content":{"rendered":"<div class=\"flex max-w-full flex-col grow\">\n<div class=\"min-h-8 text-message relative flex w-full flex-col items-end gap-2 text-start break-words whitespace-normal [.text-message+&amp;]:mt-1\" dir=\"auto\" data-message-author-role=\"assistant\" data-message-id=\"5208c4a3-eb14-4ee1-9a64-eeff2c0f8bb0\" data-message-model-slug=\"gpt-5-2\">\n<div class=\"flex w-full flex-col gap-1 empty:hidden first:pt-[1px]\">\n<div class=\"markdown prose dark:prose-invert w-full break-words light markdown-new-styling\">\n<p data-start=\"402\" data-end=\"415\">Omadused:<\/p>\n<ul data-start=\"416\" data-end=\"688\">\n<li data-start=\"416\" data-end=\"446\">\n<p data-start=\"418\" data-end=\"446\"><strong data-start=\"418\" data-end=\"427\">T\u00fc\u00fcp:<\/strong> Portvein (Tawny)<\/p>\n<\/li>\n<li data-start=\"447\" data-end=\"480\">\n<p data-start=\"449\" data-end=\"480\"><strong data-start=\"449\" data-end=\"460\">Tootja:<\/strong> Quinta de la Rosa<\/p>\n<\/li>\n<li data-start=\"481\" data-end=\"503\">\n<p data-start=\"483\" data-end=\"503\"><strong data-start=\"483\" data-end=\"492\">Riik:<\/strong> Portugal<\/p>\n<\/li>\n<li data-start=\"504\" data-end=\"527\">\n<p data-start=\"506\" data-end=\"527\"><strong data-start=\"506\" data-end=\"519\">Piirkond:<\/strong> Douro<\/p>\n<\/li>\n<li data-start=\"528\" data-end=\"556\">\n<p data-start=\"530\" data-end=\"556\"><strong data-start=\"530\" data-end=\"544\">Laagerdus:<\/strong> 20 aastat<\/p>\n<\/li>\n<li data-start=\"557\" data-end=\"596\">\n<p data-start=\"559\" data-end=\"596\"><strong data-start=\"559\" data-end=\"580\">Alkoholisisaldus:<\/strong> umbes 20% vol<\/p>\n<\/li>\n<li data-start=\"597\" data-end=\"647\">\n<p data-start=\"599\" data-end=\"647\"><strong data-start=\"599\" data-end=\"608\">Maht:<\/strong> 0,5 l \/ 0,75 l (olenevalt pakendist)<\/p>\n<\/li>\n<li data-start=\"648\" data-end=\"688\">\n<p data-start=\"650\" data-end=\"688\"><strong data-start=\"650\" data-end=\"677\">Serveerimistemperatuur:<\/strong> 12\u201316 \u00b0C<\/p>\n<\/li>\n<\/ul>\n<p data-start=\"690\" data-end=\"702\">Sobivus: Sobib suurep\u00e4raselt magustoitude, sinihallitusjuustude, p\u00e4hklite ja puuviljadega.<\/p>\n<p data-start=\"786\" data-end=\"873\" data-is-last-node=\"\" data-is-only-node=\"\">Elegantne kingitus k\u00fcpsete portveinide hindajatele ning t\u00f5eline Douro stiili v\u00e4ljendus.<\/p>\n<\/div>\n<\/div>\n<\/div>\n<\/div>\n<div class=\"z-0 flex min-h-[46px] justify-start\">\u00a0<\/div>\n<div class=\"border-token-border-light my-2 flex gap-10 border-t pt-4\">\n<div class=\"flex items-center justify-center overflow-hidden h-12 w-12 rounded-lg\">\u00a0<\/div>\n<\/div>","protected":false},"excerpt":{"rendered":"<div class=\"text-base my-auto mx-auto pb-10 [--thread-content-margin:--spacing(4)] @w-sm\/main:[--thread-content-margin:--spacing(6)] @w-lg\/main:[--thread-content-margin:--spacing(16)] px-(--thread-content-margin)\">\n<div class=\"[--thread-content-max-width:40rem] @w-lg\/main:[--thread-content-max-width:48rem] mx-auto max-w-(--thread-content-max-width) flex-1 group\/turn-messages focus-visible:outline-hidden relative flex w-full min-w-0 flex-col agent-turn\">\n<div class=\"flex max-w-full flex-col grow\">\n<div class=\"min-h-8 text-message relative flex w-full flex-col items-end gap-2 text-start break-words whitespace-normal [.text-message+&amp;]:mt-1\" dir=\"auto\" data-message-author-role=\"assistant\" data-message-id=\"5208c4a3-eb14-4ee1-9a64-eeff2c0f8bb0\" data-message-model-slug=\"gpt-5-2\">\n<div class=\"flex w-full flex-col gap-1 empty:hidden first:pt-[1px]\">\n<div class=\"streaming-animation markdown prose dark:prose-invert w-full break-words light markdown-new-styling\">\n<p data-start=\"0\" data-end=\"44\"><strong data-start=\"0\" data-end=\"44\">Quinta de la Rosa 20 Year Old Tawny Port<\/strong><\/p>\n<p data-start=\"46\" data-end=\"400\">V\u00e4ljapeetud ja elegantne portvein Douro piirkonnast, laagerdunud tammevaatides 20 aastat. Veinil on rikkalik merevaigukaspunane v\u00e4rvus ning mitmekihiline aroom, milles on tunda p\u00e4hkleid, karamelli, kuivatatud puuvilju ja tamme. Maitse on pehme ja harmooniline, n\u00fcanssideks viigimarjad, apelsinikoor ja vanill, mida t\u00e4iendab pikk ja elegantne j\u00e4relmaitse.<\/p>\n<\/div>\n<\/div>\n<\/div>\n<\/div>\n<\/div>\n<\/div>","protected":false},"featured_media":812,"template":"","meta":{"_surecart_dashboard_logo_width":"180px","_surecart_dashboard_show_logo":true,"_surecart_dashboard_navigation_orders":true,"_surecart_dashboard_navigation_invoices":true,"_surecart_dashboard_navigation_subscriptions":true,"_surecart_dashboard_navigation_downloads":true,"_surecart_dashboard_navigation_billing":true,"_surecart_dashboard_navigation_account":true,"_uag_custom_page_level_css":"","site-sidebar-layout":"default","site-content-layout":"","ast-site-content-layout":"default","site-content-style":"default","site-sidebar-style":"default","ast-global-header-display":"","ast-banner-title-visibility":"","ast-main-header-display":"","ast-hfb-above-header-display":"","ast-hfb-below-header-display":"","ast-hfb-mobile-header-display":"","site-post-title":"","ast-breadcrumbs-content":"","ast-featured-img":"","footer-sml-layout":"","ast-disable-related-posts":"","theme-transparent-header-meta":"","adv-header-id-meta":"","stick-header-meta":"","header-above-stick-meta":"","header-main-stick-meta":"","header-below-stick-meta":"","astra-migrate-meta-layouts":"default","ast-page-background-enabled":"default","ast-page-background-meta":{"desktop":{"background-color":"var(--ast-global-color-4)","background-image":"","background-repeat":"repeat","background-position":"center center","background-size":"auto","background-attachment":"scroll","background-type":"","background-media":"","overlay-type":"","overlay-color":"","overlay-opacity":"","overlay-gradient":""},"tablet":{"background-color":"","background-image":"","background-repeat":"repeat","background-position":"center center","background-size":"auto","background-attachment":"scroll","background-type":"","background-media":"","overlay-type":"","overlay-color":"","overlay-opacity":"","overlay-gradient":""},"mobile":{"background-color":"","background-image":"","background-repeat":"repeat","background-position":"center center","background-size":"auto","background-attachment":"scroll","background-type":"","background-media":"","overlay-type":"","overlay-color":"","overlay-opacity":"","overlay-gradient":""}},"ast-content-background-meta":{"desktop":{"background-color":"var(--ast-global-color-5)","background-image":"","background-repeat":"repeat","background-position":"center center","background-size":"auto","background-attachment":"scroll","background-type":"","background-media":"","overlay-type":"","overlay-color":"","overlay-opacity":"","overlay-gradient":""},"tablet":{"background-color":"var(--ast-global-color-5)","background-image":"","background-repeat":"repeat","background-position":"center center","background-size":"auto","background-attachment":"scroll","background-type":"","background-media":"","overlay-type":"","overlay-color":"","overlay-opacity":"","overlay-gradient":""},"mobile":{"background-color":"var(--ast-global-color-5)","background-image":"","background-repeat":"repeat","background-position":"center center","background-size":"auto","background-attachment":"scroll","background-type":"","background-media":"","overlay-type":"","overlay-color":"","overlay-opacity":"","overlay-gradient":""}}},"product_brand":[],"product_cat":[22],"product_tag":[],"class_list":{"0":"post-713","1":"product","2":"type-product","3":"status-publish","4":"has-post-thumbnail","6":"product_cat-alkohol","7":"desktop-align-left","8":"tablet-align-left","9":"mobile-align-left","11":"first","12":"onbackorder","13":"shipping-taxable","14":"purchasable","15":"product-type-simple"},"uagb_featured_image_src":{"full":["https:\/\/lilledtallinn.ee\/wp-content\/uploads\/2025\/12\/68f79822325f852e1f73d169.avif",1200,675,false],"thumbnail":["https:\/\/lilledtallinn.ee\/wp-content\/uploads\/2025\/12\/68f79822325f852e1f73d169-150x150.avif",150,150,true],"medium":["https:\/\/lilledtallinn.ee\/wp-content\/uploads\/2025\/12\/68f79822325f852e1f73d169-300x169.avif",300,169,true],"medium_large":["https:\/\/lilledtallinn.ee\/wp-content\/uploads\/2025\/12\/68f79822325f852e1f73d169-768x432.avif",768,432,true],"large":["https:\/\/lilledtallinn.ee\/wp-content\/uploads\/2025\/12\/68f79822325f852e1f73d169-1024x576.avif",1024,576,true],"1536x1536":["https:\/\/lilledtallinn.ee\/wp-content\/uploads\/2025\/12\/68f79822325f852e1f73d169.avif",1200,675,false],"2048x2048":["https:\/\/lilledtallinn.ee\/wp-content\/uploads\/2025\/12\/68f79822325f852e1f73d169.avif",1200,675,false],"trp-custom-language-flag":["https:\/\/lilledtallinn.ee\/wp-content\/uploads\/2025\/12\/68f79822325f852e1f73d169.avif",18,10,false],"woocommerce_thumbnail":["https:\/\/lilledtallinn.ee\/wp-content\/uploads\/2025\/12\/68f79822325f852e1f73d169-300x300.avif",300,300,true],"woocommerce_single":["https:\/\/lilledtallinn.ee\/wp-content\/uploads\/2025\/12\/68f79822325f852e1f73d169-600x338.avif",600,338,true],"woocommerce_gallery_thumbnail":["https:\/\/lilledtallinn.ee\/wp-content\/uploads\/2025\/12\/68f79822325f852e1f73d169-100x100.avif",100,100,true],"dgwt-wcas-product-suggestion":["https:\/\/lilledtallinn.ee\/wp-content\/uploads\/2025\/12\/68f79822325f852e1f73d169.avif",64,36,false]},"uagb_author_info":{"display_name":"admin","author_link":"https:\/\/lilledtallinn.ee\/ru\/author\/"},"uagb_comment_info":0,"uagb_excerpt":"Quinta de la Rosa 20 Year Old Tawny PortV\u00e4ljapeetud ja elegantne portvein Douro piirkonnast, laagerdunud tammevaatides 20 aastat. Veinil on rikkalik merevaigukaspunane v\u00e4rvus ning mitmekihiline aroom, milles on tunda p\u00e4hkleid, karamelli, kuivatatud puuvilju ja tamme. Maitse on pehme ja harmooniline, n\u00fcanssideks viigimarjad, apelsinikoor ja vanill, mida t\u00e4iendab pikk ja elegantne j\u00e4relmaitse.","jetpack_sharing_enabled":true,"_links":{"self":[{"href":"https:\/\/lilledtallinn.ee\/ru\/wp-json\/wp\/v2\/product\/713","targetHints":{"allow":["GET"]}}],"collection":[{"href":"https:\/\/lilledtallinn.ee\/ru\/wp-json\/wp\/v2\/product"}],"about":[{"href":"https:\/\/lilledtallinn.ee\/ru\/wp-json\/wp\/v2\/types\/product"}],"wp:featuredmedia":[{"embeddable":true,"href":"https:\/\/lilledtallinn.ee\/ru\/wp-json\/wp\/v2\/media\/812"}],"wp:attachment":[{"href":"https:\/\/lilledtallinn.ee\/ru\/wp-json\/wp\/v2\/media?parent=713"}],"wp:term":[{"taxonomy":"product_brand","embeddable":true,"href":"https:\/\/lilledtallinn.ee\/ru\/wp-json\/wp\/v2\/product_brand?post=713"},{"taxonomy":"product_cat","embeddable":true,"href":"https:\/\/lilledtallinn.ee\/ru\/wp-json\/wp\/v2\/product_cat?post=713"},{"taxonomy":"product_tag","embeddable":true,"href":"https:\/\/lilledtallinn.ee\/ru\/wp-json\/wp\/v2\/product_tag?post=713"}],"curies":[{"name":"wp","href":"https:\/\/api.w.org\/{rel}","templated":true}]}}